{"id":179,"date":"2019-07-29T10:18:42","date_gmt":"2019-07-29T08:18:42","guid":{"rendered":"http:\/\/piv-extruderdrives.com\/home-page\/"},"modified":"2026-01-15T17:41:40","modified_gmt":"2026-01-15T16:41:40","slug":"home-page","status":"publish","type":"page","link":"https:\/\/piv-extruderdrives.com\/de\/","title":{"rendered":"Home Page"},"content":{"rendered":"\t\n\t<div id=\"lvmk_slider-962\"\n\t\t class=\"lvmk_slider lvmk_slider--full_width\"\n\t\t data-durata-slide=\"6\"\n\t     style=\"opacity: 0;\"\n\t>\n\t\t\t\t\t<a class=\"lvmk_slider-slide\" data-type=\"Immagine\" href=\"https:\/\/piv-extruderdrives.com\/products-family\/extruder-drives\/\">\n\t\t\t\t<label class=\"lvmk_slider-title\"><\/label>\n\t\t\t\t\n\t\t\t\t\t\t\t\t\t<img decoding=\"async\" class=\"lvmk_slider-content lvmk_slider-content--desktop\"\n\t\t\t\t\t\t src=\"https:\/\/piv-extruderdrives.com\/wp-content\/uploads\/2025\/08\/piv-de-slider-desktop.jpg\" alt=\"\">\n\t\t\t\t\t<img decoding=\"async\" class=\"lvmk_slider-content lvmk_slider-content--mobile\"\n\t\t\t\t\t\t src=\"https:\/\/piv-extruderdrives.com\/wp-content\/uploads\/2025\/08\/piv-de-slider-mobile.jpg\" alt=\"\">\n\t\t\t\t\n\t\t\t\t\t\t\t<\/a>\n\t\t\t<\/div>\n\t\n\t\n","protected":false},"excerpt":{"rendered":"","protected":false},"author":1,"featured_media":0,"parent":0,"menu_order":5,"comment_status":"closed","ping_status":"closed","template":"","meta":{"_acf_changed":false,"footnotes":""},"class_list":["post-179","page","type-page","status-publish","hentry"],"acf":[],"yoast_head":"<!-- This site is optimized with the Yoast SEO plugin v26.6 - https:\/\/yoast.com\/wordpress\/plugins\/seo\/ -->\n<title>Home Page | PIV Extruder Drives<\/title>\n<meta name=\"description\" content=\"PIV ist auf Getriebe spezialisiert, die h\u00f6chsten industriellen Anspr\u00fcchen hinsichtlich Qualit\u00e4t, Zuverl\u00e4ssigkeit, Leistung und Nutzungsdauer gen\u00fcgen.\" \/>\n<meta name=\"robots\" content=\"index, follow, max-snippet:-1, max-image-preview:large, max-video-preview:-1\" \/>\n<link rel=\"canonical\" href=\"https:\/\/piv-extruderdrives.com\/de\/\" \/>\n<meta property=\"og:locale\" content=\"de_DE\" \/>\n<meta property=\"og:type\" content=\"article\" \/>\n<meta property=\"og:title\" content=\"Home Page | PIV Extruder Drives\" \/>\n<meta property=\"og:description\" content=\"PIV ist auf Getriebe spezialisiert, die h\u00f6chsten industriellen Anspr\u00fcchen hinsichtlich Qualit\u00e4t, Zuverl\u00e4ssigkeit, Leistung und Nutzungsdauer gen\u00fcgen.\" \/>\n<meta property=\"og:url\" content=\"https:\/\/piv-extruderdrives.com\/de\/\" \/>\n<meta property=\"og:site_name\" content=\"PIV\" \/>\n<meta property=\"article:modified_time\" content=\"2026-01-15T16:41:40+00:00\" \/>\n<meta name=\"twitter:card\" content=\"summary_large_image\" \/>\n<script type=\"application\/ld+json\" class=\"yoast-schema-graph\">{\"@context\":\"https:\/\/schema.org\",\"@graph\":[{\"@type\":\"WebPage\",\"@id\":\"https:\/\/piv-extruderdrives.com\/de\/\",\"url\":\"https:\/\/piv-extruderdrives.com\/de\/\",\"name\":\"Home Page | PIV Extruder Drives\",\"isPartOf\":{\"@id\":\"https:\/\/piv-extruderdrives.com\/#website\"},\"datePublished\":\"2019-07-29T08:18:42+00:00\",\"dateModified\":\"2026-01-15T16:41:40+00:00\",\"description\":\"PIV ist auf Getriebe spezialisiert, die h\u00f6chsten industriellen Anspr\u00fcchen hinsichtlich Qualit\u00e4t, Zuverl\u00e4ssigkeit, Leistung und Nutzungsdauer gen\u00fcgen.\",\"breadcrumb\":{\"@id\":\"https:\/\/piv-extruderdrives.com\/de\/#breadcrumb\"},\"inLanguage\":\"de\",\"potentialAction\":[{\"@type\":\"ReadAction\",\"target\":[\"https:\/\/piv-extruderdrives.com\/de\/\"]}]},{\"@type\":\"BreadcrumbList\",\"@id\":\"https:\/\/piv-extruderdrives.com\/de\/#breadcrumb\",\"itemListElement\":[{\"@type\":\"ListItem\",\"position\":1,\"name\":\"Home\",\"item\":\"https:\/\/piv-extruderdrives.com\/de\/\"},{\"@type\":\"ListItem\",\"position\":2,\"name\":\"Home Page\"}]},{\"@type\":\"WebSite\",\"@id\":\"https:\/\/piv-extruderdrives.com\/#website\",\"url\":\"https:\/\/piv-extruderdrives.com\/\",\"name\":\"PIV\",\"description\":\"\",\"potentialAction\":[{\"@type\":\"SearchAction\",\"target\":{\"@type\":\"EntryPoint\",\"urlTemplate\":\"https:\/\/piv-extruderdrives.com\/?s={search_term_string}\"},\"query-input\":{\"@type\":\"PropertyValueSpecification\",\"valueRequired\":true,\"valueName\":\"search_term_string\"}}],\"inLanguage\":\"de\"}]}<\/script>\n<!-- \/ Yoast SEO plugin. -->","yoast_head_json":{"title":"Home Page | PIV Extruder Drives","description":"PIV ist auf Getriebe spezialisiert, die h\u00f6chsten industriellen Anspr\u00fcchen hinsichtlich Qualit\u00e4t, Zuverl\u00e4ssigkeit, Leistung und Nutzungsdauer gen\u00fcgen.","robots":{"index":"index","follow":"follow","max-snippet":"max-snippet:-1","max-image-preview":"max-image-preview:large","max-video-preview":"max-video-preview:-1"},"canonical":"https:\/\/piv-extruderdrives.com\/de\/","og_locale":"de_DE","og_type":"article","og_title":"Home Page | PIV Extruder Drives","og_description":"PIV ist auf Getriebe spezialisiert, die h\u00f6chsten industriellen Anspr\u00fcchen hinsichtlich Qualit\u00e4t, Zuverl\u00e4ssigkeit, Leistung und Nutzungsdauer gen\u00fcgen.","og_url":"https:\/\/piv-extruderdrives.com\/de\/","og_site_name":"PIV","article_modified_time":"2026-01-15T16:41:40+00:00","twitter_card":"summary_large_image","schema":{"@context":"https:\/\/schema.org","@graph":[{"@type":"WebPage","@id":"https:\/\/piv-extruderdrives.com\/de\/","url":"https:\/\/piv-extruderdrives.com\/de\/","name":"Home Page | PIV Extruder Drives","isPartOf":{"@id":"https:\/\/piv-extruderdrives.com\/#website"},"datePublished":"2019-07-29T08:18:42+00:00","dateModified":"2026-01-15T16:41:40+00:00","description":"PIV ist auf Getriebe spezialisiert, die h\u00f6chsten industriellen Anspr\u00fcchen hinsichtlich Qualit\u00e4t, Zuverl\u00e4ssigkeit, Leistung und Nutzungsdauer gen\u00fcgen.","breadcrumb":{"@id":"https:\/\/piv-extruderdrives.com\/de\/#breadcrumb"},"inLanguage":"de","potentialAction":[{"@type":"ReadAction","target":["https:\/\/piv-extruderdrives.com\/de\/"]}]},{"@type":"BreadcrumbList","@id":"https:\/\/piv-extruderdrives.com\/de\/#breadcrumb","itemListElement":[{"@type":"ListItem","position":1,"name":"Home","item":"https:\/\/piv-extruderdrives.com\/de\/"},{"@type":"ListItem","position":2,"name":"Home Page"}]},{"@type":"WebSite","@id":"https:\/\/piv-extruderdrives.com\/#website","url":"https:\/\/piv-extruderdrives.com\/","name":"PIV","description":"","potentialAction":[{"@type":"SearchAction","target":{"@type":"EntryPoint","urlTemplate":"https:\/\/piv-extruderdrives.com\/?s={search_term_string}"},"query-input":{"@type":"PropertyValueSpecification","valueRequired":true,"valueName":"search_term_string"}}],"inLanguage":"de"}]}},"_links":{"self":[{"href":"https:\/\/piv-extruderdrives.com\/de\/wp-json\/wp\/v2\/pages\/179","targetHints":{"allow":["GET"]}}],"collection":[{"href":"https:\/\/piv-extruderdrives.com\/de\/wp-json\/wp\/v2\/pages"}],"about":[{"href":"https:\/\/piv-extruderdrives.com\/de\/wp-json\/wp\/v2\/types\/page"}],"author":[{"embeddable":true,"href":"https:\/\/piv-extruderdrives.com\/de\/wp-json\/wp\/v2\/users\/1"}],"replies":[{"embeddable":true,"href":"https:\/\/piv-extruderdrives.com\/de\/wp-json\/wp\/v2\/comments?post=179"}],"version-history":[{"count":5,"href":"https:\/\/piv-extruderdrives.com\/de\/wp-json\/wp\/v2\/pages\/179\/revisions"}],"predecessor-version":[{"id":991,"href":"https:\/\/piv-extruderdrives.com\/de\/wp-json\/wp\/v2\/pages\/179\/revisions\/991"}],"wp:attachment":[{"href":"https:\/\/piv-extruderdrives.com\/de\/wp-json\/wp\/v2\/media?parent=179"}],"curies":[{"name":"wp","href":"https:\/\/api.w.org\/{rel}","templated":true}]}}