{"id":190,"date":"2019-07-29T10:13:14","date_gmt":"2019-07-29T08:13:14","guid":{"rendered":"http:\/\/piv-extruderdrives.com\/products\/"},"modified":"2020-09-28T09:46:46","modified_gmt":"2020-09-28T07:46:46","slug":"produkte","status":"publish","type":"page","link":"https:\/\/piv-extruderdrives.com\/de\/produkte\/","title":{"rendered":"Produkte"},"content":{"rendered":"","protected":false},"excerpt":{"rendered":"","protected":false},"author":1,"featured_media":0,"parent":0,"menu_order":7,"comment_status":"closed","ping_status":"closed","template":"tpl-products.php","meta":{"_acf_changed":false,"footnotes":""},"class_list":["post-190","page","type-page","status-publish","hentry"],"acf":[],"yoast_head":"<!-- This site is optimized with the Yoast SEO plugin v26.6 - https:\/\/yoast.com\/wordpress\/plugins\/seo\/ -->\n<title>Produkte | PIV Extruder Drives<\/title>\n<meta name=\"description\" content=\"PIV ist auf Getriebe spezialisiert, die h\u00f6chsten industriellen Anspr\u00fcchen hinsichtlich Qualit\u00e4t, Zuverl\u00e4ssigkeit, Leistung und Nutzungsdauer gen\u00fcgen.\" \/>\n<meta name=\"robots\" content=\"index, follow, max-snippet:-1, max-image-preview:large, max-video-preview:-1\" \/>\n<link rel=\"canonical\" href=\"https:\/\/piv-extruderdrives.com\/products\/\" \/>\n<meta property=\"og:locale\" content=\"de_DE\" \/>\n<meta property=\"og:type\" content=\"article\" \/>\n<meta property=\"og:title\" content=\"Produkte | PIV Extruder Drives\" \/>\n<meta property=\"og:description\" content=\"PIV ist auf Getriebe spezialisiert, die h\u00f6chsten industriellen Anspr\u00fcchen hinsichtlich Qualit\u00e4t, Zuverl\u00e4ssigkeit, Leistung und Nutzungsdauer gen\u00fcgen.\" \/>\n<meta property=\"og:url\" content=\"https:\/\/piv-extruderdrives.com\/products\/\" \/>\n<meta property=\"og:site_name\" content=\"PIV\" \/>\n<meta property=\"article:modified_time\" content=\"2020-09-28T07:46:46+00:00\" \/>\n<meta name=\"twitter:card\" content=\"summary_large_image\" \/>\n<script type=\"application\/ld+json\" class=\"yoast-schema-graph\">{\"@context\":\"https:\/\/schema.org\",\"@graph\":[{\"@type\":\"WebPage\",\"@id\":\"https:\/\/piv-extruderdrives.com\/products\/\",\"url\":\"https:\/\/piv-extruderdrives.com\/products\/\",\"name\":\"Produkte | PIV Extruder Drives\",\"isPartOf\":{\"@id\":\"https:\/\/piv-extruderdrives.com\/#website\"},\"datePublished\":\"2019-07-29T08:13:14+00:00\",\"dateModified\":\"2020-09-28T07:46:46+00:00\",\"description\":\"PIV ist auf Getriebe spezialisiert, die h\u00f6chsten industriellen Anspr\u00fcchen hinsichtlich Qualit\u00e4t, Zuverl\u00e4ssigkeit, Leistung und Nutzungsdauer gen\u00fcgen.\",\"breadcrumb\":{\"@id\":\"https:\/\/piv-extruderdrives.com\/products\/#breadcrumb\"},\"inLanguage\":\"de\",\"potentialAction\":[{\"@type\":\"ReadAction\",\"target\":[\"https:\/\/piv-extruderdrives.com\/products\/\"]}]},{\"@type\":\"BreadcrumbList\",\"@id\":\"https:\/\/piv-extruderdrives.com\/products\/#breadcrumb\",\"itemListElement\":[{\"@type\":\"ListItem\",\"position\":1,\"name\":\"Home\",\"item\":\"https:\/\/piv-extruderdrives.com\/de\/\"},{\"@type\":\"ListItem\",\"position\":2,\"name\":\"Produkte\"}]},{\"@type\":\"WebSite\",\"@id\":\"https:\/\/piv-extruderdrives.com\/#website\",\"url\":\"https:\/\/piv-extruderdrives.com\/\",\"name\":\"PIV\",\"description\":\"\",\"potentialAction\":[{\"@type\":\"SearchAction\",\"target\":{\"@type\":\"EntryPoint\",\"urlTemplate\":\"https:\/\/piv-extruderdrives.com\/?s={search_term_string}\"},\"query-input\":{\"@type\":\"PropertyValueSpecification\",\"valueRequired\":true,\"valueName\":\"search_term_string\"}}],\"inLanguage\":\"de\"}]}<\/script>\n<!-- \/ Yoast SEO plugin. -->","yoast_head_json":{"title":"Produkte | PIV Extruder Drives","description":"PIV ist auf Getriebe spezialisiert, die h\u00f6chsten industriellen Anspr\u00fcchen hinsichtlich Qualit\u00e4t, Zuverl\u00e4ssigkeit, Leistung und Nutzungsdauer gen\u00fcgen.","robots":{"index":"index","follow":"follow","max-snippet":"max-snippet:-1","max-image-preview":"max-image-preview:large","max-video-preview":"max-video-preview:-1"},"canonical":"https:\/\/piv-extruderdrives.com\/products\/","og_locale":"de_DE","og_type":"article","og_title":"Produkte | PIV Extruder Drives","og_description":"PIV ist auf Getriebe spezialisiert, die h\u00f6chsten industriellen Anspr\u00fcchen hinsichtlich Qualit\u00e4t, Zuverl\u00e4ssigkeit, Leistung und Nutzungsdauer gen\u00fcgen.","og_url":"https:\/\/piv-extruderdrives.com\/products\/","og_site_name":"PIV","article_modified_time":"2020-09-28T07:46:46+00:00","twitter_card":"summary_large_image","schema":{"@context":"https:\/\/schema.org","@graph":[{"@type":"WebPage","@id":"https:\/\/piv-extruderdrives.com\/products\/","url":"https:\/\/piv-extruderdrives.com\/products\/","name":"Produkte | PIV Extruder Drives","isPartOf":{"@id":"https:\/\/piv-extruderdrives.com\/#website"},"datePublished":"2019-07-29T08:13:14+00:00","dateModified":"2020-09-28T07:46:46+00:00","description":"PIV ist auf Getriebe spezialisiert, die h\u00f6chsten industriellen Anspr\u00fcchen hinsichtlich Qualit\u00e4t, Zuverl\u00e4ssigkeit, Leistung und Nutzungsdauer gen\u00fcgen.","breadcrumb":{"@id":"https:\/\/piv-extruderdrives.com\/products\/#breadcrumb"},"inLanguage":"de","potentialAction":[{"@type":"ReadAction","target":["https:\/\/piv-extruderdrives.com\/products\/"]}]},{"@type":"BreadcrumbList","@id":"https:\/\/piv-extruderdrives.com\/products\/#breadcrumb","itemListElement":[{"@type":"ListItem","position":1,"name":"Home","item":"https:\/\/piv-extruderdrives.com\/de\/"},{"@type":"ListItem","position":2,"name":"Produkte"}]},{"@type":"WebSite","@id":"https:\/\/piv-extruderdrives.com\/#website","url":"https:\/\/piv-extruderdrives.com\/","name":"PIV","description":"","potentialAction":[{"@type":"SearchAction","target":{"@type":"EntryPoint","urlTemplate":"https:\/\/piv-extruderdrives.com\/?s={search_term_string}"},"query-input":{"@type":"PropertyValueSpecification","valueRequired":true,"valueName":"search_term_string"}}],"inLanguage":"de"}]}},"_links":{"self":[{"href":"https:\/\/piv-extruderdrives.com\/de\/wp-json\/wp\/v2\/pages\/190","targetHints":{"allow":["GET"]}}],"collection":[{"href":"https:\/\/piv-extruderdrives.com\/de\/wp-json\/wp\/v2\/pages"}],"about":[{"href":"https:\/\/piv-extruderdrives.com\/de\/wp-json\/wp\/v2\/types\/page"}],"author":[{"embeddable":true,"href":"https:\/\/piv-extruderdrives.com\/de\/wp-json\/wp\/v2\/users\/1"}],"replies":[{"embeddable":true,"href":"https:\/\/piv-extruderdrives.com\/de\/wp-json\/wp\/v2\/comments?post=190"}],"version-history":[{"count":1,"href":"https:\/\/piv-extruderdrives.com\/de\/wp-json\/wp\/v2\/pages\/190\/revisions"}],"predecessor-version":[{"id":191,"href":"https:\/\/piv-extruderdrives.com\/de\/wp-json\/wp\/v2\/pages\/190\/revisions\/191"}],"wp:attachment":[{"href":"https:\/\/piv-extruderdrives.com\/de\/wp-json\/wp\/v2\/media?parent=190"}],"curies":[{"name":"wp","href":"https:\/\/api.w.org\/{rel}","templated":true}]}}