{"id":261,"date":"2019-07-29T10:14:30","date_gmt":"2019-07-29T08:14:30","guid":{"rendered":"http:\/\/piv-extruderdrives.com\/markets\/"},"modified":"2026-01-15T17:56:59","modified_gmt":"2026-01-15T16:56:59","slug":"maerkte","status":"publish","type":"page","link":"https:\/\/piv-extruderdrives.com\/de\/maerkte\/","title":{"rendered":"M\u00e4rkte"},"content":{"rendered":"\n<div style=\"height:50px\" aria-hidden=\"true\" class=\"wp-block-spacer\"><\/div>\n\n\n<style>.kb-row-layout-id261_ac4345-6f > .kt-row-column-wrap{align-content:start;}:where(.kb-row-layout-id261_ac4345-6f > .kt-row-column-wrap) > .wp-block-kadence-column{justify-content:start;}.kb-row-layout-id261_ac4345-6f > .kt-row-column-wrap{column-gap:var(--global-kb-gap-md, 2rem);row-gap:var(--global-kb-gap-md, 2rem);padding-top:var(--global-kb-spacing-sm, 1.5rem);padding-bottom:var(--global-kb-spacing-sm, 1.5rem);grid-template-columns:minmax(0, 2fr) minmax(0, 1fr);}.kb-row-layout-id261_ac4345-6f > .kt-row-layout-overlay{opacity:0.30;}@media all and (max-width: 1024px){.kb-row-layout-id261_ac4345-6f > .kt-row-column-wrap{grid-template-columns:minmax(0, 2fr) minmax(0, 1fr);}}@media all and (max-width: 767px){.kb-row-layout-id261_ac4345-6f > .kt-row-column-wrap{grid-template-columns:minmax(0, 1fr);}}<\/style><div class=\"kb-row-layout-wrap kb-row-layout-id261_ac4345-6f alignnone container wp-block-kadence-rowlayout\"><div class=\"kt-row-column-wrap kt-has-2-columns kt-row-layout-left-golden kt-tab-layout-inherit kt-mobile-layout-row kt-row-valign-top\">\n<style>.kadence-column261_6be773-75 > .kt-inside-inner-col,.kadence-column261_6be773-75 > .kt-inside-inner-col:before{border-top-left-radius:0px;border-top-right-radius:0px;border-bottom-right-radius:0px;border-bottom-left-radius:0px;}.kadence-column261_6be773-75 > .kt-inside-inner-col{column-gap:var(--global-kb-gap-sm, 1rem);}.kadence-column261_6be773-75 > .kt-inside-inner-col{flex-direction:column;}.kadence-column261_6be773-75 > .kt-inside-inner-col > .aligncenter{width:100%;}.kadence-column261_6be773-75 > .kt-inside-inner-col:before{opacity:0.3;}.kadence-column261_6be773-75{position:relative;}@media all and (max-width: 1024px){.kadence-column261_6be773-75 > .kt-inside-inner-col{flex-direction:column;justify-content:center;}}@media all and (max-width: 767px){.kadence-column261_6be773-75 > .kt-inside-inner-col{flex-direction:column;justify-content:center;}}<\/style>\n<div class=\"wp-block-kadence-column kadence-column261_6be773-75 inner-column-1\"><div class=\"kt-inside-inner-col\">\n<h2 class=\"wp-block-heading has-text-color has-link-color wp-elements-1de6e63c87d14c3a5a77d84698219632\" style=\"color:#0032a0;text-transform:none\">PIV\u2122-l\u00f6sungen<br>F\u00fcr kunststoff und gummi<\/h2>\n\n\n\n<p><\/p>\n\n\n\n<p>Um den Anforderungen globaler Kunden in der Gummi- und Kunststoffindustrie gerecht zu werden, bietet PIV\u2122 we eine breite Palette von Produkten an, darunter Antriebe f\u00fcr Ein- und Doppelschneckenextruder, Zahnstangenantriebe f\u00fcr Spritzgie\u00dfmaschinen, Planetengetriebe, Stirnrad-und Kegelstirnradgetriebe sowie komplette Antriebspakete.<\/p>\n\n\n\n<p>Dank ihrer au\u00dfergew\u00f6hnlichen Leistung, kompakten Gr\u00f6\u00dfe und hohen Effizienz eignen sich die Getriebe hervorragend f\u00fcr den Antrieb aller Arten von Systemen in dieser anspruchsvollen Branche:<br>Compoundierung, Rohr- und Profilextrusion, Blasfolienanlagen, Platten- und Schaumextrusionsanlagen, Reifenherstellung sowie Recyclinganlagen f\u00fcr Kunststoff- und Gummiprodukte.<\/p>\n\n\n\n<p><\/p>\n\n\n<style>.wp-block-kadence-advancedbtn.kb-btns261_869f8e-f0{gap:var(--global-kb-gap-xs, 0.5rem );justify-content:flex-start;align-items:center;}.kt-btns261_869f8e-f0 .kt-button{font-weight:normal;font-style:normal;}<\/style>\n<div class=\"wp-block-kadence-advancedbtn kb-buttons-wrap kb-btns261_869f8e-f0\"><style>ul.menu .wp-block-kadence-advancedbtn .kb-btn261_dc461f-a8.kb-button{width:initial;}.wp-block-kadence-advancedbtn .kb-btn261_dc461f-a8.kb-button{color:#ffffff;background:#da291c;font-family:'Open Sans';font-weight:400;border-top-left-radius:0px;border-top-right-radius:0px;border-bottom-right-radius:0px;border-bottom-left-radius:0px;border-top-color:#da291c;border-top-style:solid;border-right-color:#da291c;border-right-style:solid;border-bottom-color:#da291c;border-bottom-style:solid;border-left-color:#da291c;border-left-style:solid;}.wp-block-kadence-advancedbtn .kb-btn261_dc461f-a8.kb-button:hover, .wp-block-kadence-advancedbtn .kb-btn261_dc461f-a8.kb-button:focus{color:#da291c;border-top-left-radius:0px;border-top-right-radius:0px;border-bottom-right-radius:0px;border-bottom-left-radius:0px;border-top:1px solid #da291c;border-right:1px solid #da291c;border-bottom:1px solid #da291c;border-left:1px solid #da291c;}@media all and (max-width: 1024px){.wp-block-kadence-advancedbtn .kb-btn261_dc461f-a8.kb-button{border-top-color:#da291c;border-top-style:solid;border-right-color:#da291c;border-right-style:solid;border-bottom-color:#da291c;border-bottom-style:solid;border-left-color:#da291c;border-left-style:solid;}}@media all and (max-width: 1024px){.wp-block-kadence-advancedbtn .kb-btn261_dc461f-a8.kb-button:hover, .wp-block-kadence-advancedbtn .kb-btn261_dc461f-a8.kb-button:focus{border-top:1px solid #da291c;border-right:1px solid #da291c;border-bottom:1px solid #da291c;border-left:1px solid #da291c;}}@media all and (max-width: 767px){.wp-block-kadence-advancedbtn .kb-btn261_dc461f-a8.kb-button{border-top-color:#da291c;border-top-style:solid;border-right-color:#da291c;border-right-style:solid;border-bottom-color:#da291c;border-bottom-style:solid;border-left-color:#da291c;border-left-style:solid;}.wp-block-kadence-advancedbtn .kb-btn261_dc461f-a8.kb-button:hover, .wp-block-kadence-advancedbtn .kb-btn261_dc461f-a8.kb-button:focus{border-top:1px solid #da291c;border-right:1px solid #da291c;border-bottom:1px solid #da291c;border-left:1px solid #da291c;}}<\/style><a class=\"kb-button kt-button button kb-btn261_dc461f-a8 kt-btn-size-standard kt-btn-width-type-auto kb-btn-global-outline  kt-btn-has-text-true kt-btn-has-svg-false  wp-block-kadence-singlebtn\" href=\"http:\/\/www.dana-industrial.com\/market\/plastic-rubber\/\" target=\"_blank\" rel=\"noreferrer noopener\"><span class=\"kt-btn-inner-text\">Mehr Entdecken<\/span><\/a><\/div>\n\n\n\n<p><\/p>\n<\/div><\/div>\n\n\n<style>.kadence-column261_4a82d3-c4 > .kt-inside-inner-col,.kadence-column261_4a82d3-c4 > .kt-inside-inner-col:before{border-top-left-radius:0px;border-top-right-radius:0px;border-bottom-right-radius:0px;border-bottom-left-radius:0px;}.kadence-column261_4a82d3-c4 > .kt-inside-inner-col{column-gap:var(--global-kb-gap-sm, 1rem);}.kadence-column261_4a82d3-c4 > .kt-inside-inner-col{flex-direction:column;}.kadence-column261_4a82d3-c4 > .kt-inside-inner-col > .aligncenter{width:100%;}.kadence-column261_4a82d3-c4 > .kt-inside-inner-col:before{opacity:0.3;}.kadence-column261_4a82d3-c4{position:relative;}@media all and (max-width: 1024px){.kadence-column261_4a82d3-c4 > .kt-inside-inner-col{flex-direction:column;justify-content:center;}}@media all and (max-width: 767px){.kadence-column261_4a82d3-c4 > .kt-inside-inner-col{flex-direction:column;justify-content:center;}}<\/style>\n<div class=\"wp-block-kadence-column kadence-column261_4a82d3-c4 inner-column-2\"><div class=\"kt-inside-inner-col\">\n<div style=\"height:40px\" aria-hidden=\"true\" class=\"wp-block-spacer\"><\/div>\n\n\n\n<figure class=\"wp-block-image\"><img loading=\"lazy\" decoding=\"async\" width=\"570\" height=\"393\" src=\"http:\/\/piv-extruderdrives.com\/wp-content\/uploads\/2019\/08\/Plastic-and-Rubber.jpg\" alt=\"\" class=\"wp-image-139\" srcset=\"https:\/\/piv-extruderdrives.com\/wp-content\/uploads\/2019\/08\/Plastic-and-Rubber.jpg 570w, https:\/\/piv-extruderdrives.com\/wp-content\/uploads\/2019\/08\/Plastic-and-Rubber-300x207.jpg 300w, https:\/\/piv-extruderdrives.com\/wp-content\/uploads\/2019\/08\/Plastic-and-Rubber-510x352.jpg 510w\" sizes=\"auto, (max-width: 570px) 100vw, 570px\" \/><figcaption class=\"wp-element-caption\">Plastic and Rubber<\/figcaption><\/figure>\n<\/div><\/div>\n\n<\/div><\/div>\n\n<style>.kb-row-layout-id261_d655f8-77 > .kt-row-column-wrap{align-content:center;}:where(.kb-row-layout-id261_d655f8-77 > .kt-row-column-wrap) > .wp-block-kadence-column{justify-content:center;}.kb-row-layout-id261_d655f8-77 > .kt-row-column-wrap{column-gap:var(--global-kb-gap-md, 2rem);row-gap:var(--global-kb-gap-md, 2rem);padding-top:var(--global-kb-spacing-sm, 1.5rem);padding-bottom:var(--global-kb-spacing-sm, 1.5rem);grid-template-columns:minmax(0, 1fr) minmax(0, 2fr);}.kb-row-layout-id261_d655f8-77 > .kt-row-layout-overlay{opacity:0.30;}@media all and (max-width: 1024px){.kb-row-layout-id261_d655f8-77 > .kt-row-column-wrap{grid-template-columns:minmax(0, 1fr) minmax(0, 2fr);}}@media all and (max-width: 767px){.kb-row-layout-id261_d655f8-77 > .kt-row-column-wrap{grid-template-columns:minmax(0, 1fr);}}<\/style><div class=\"kb-row-layout-wrap kb-row-layout-id261_d655f8-77 alignnone container wp-block-kadence-rowlayout\"><div class=\"kt-row-column-wrap kt-has-2-columns kt-row-layout-right-golden kt-tab-layout-inherit kt-mobile-layout-row kt-row-valign-middle\">\n<style>.kadence-column261_dfc57e-66 > .kt-inside-inner-col,.kadence-column261_dfc57e-66 > .kt-inside-inner-col:before{border-top-left-radius:0px;border-top-right-radius:0px;border-bottom-right-radius:0px;border-bottom-left-radius:0px;}.kadence-column261_dfc57e-66 > .kt-inside-inner-col{column-gap:var(--global-kb-gap-sm, 1rem);}.kadence-column261_dfc57e-66 > .kt-inside-inner-col{flex-direction:column;}.kadence-column261_dfc57e-66 > .kt-inside-inner-col > .aligncenter{width:100%;}.kadence-column261_dfc57e-66 > .kt-inside-inner-col:before{opacity:0.3;}.kadence-column261_dfc57e-66{position:relative;}@media all and (max-width: 1024px){.kadence-column261_dfc57e-66 > .kt-inside-inner-col{flex-direction:column;justify-content:center;}}@media all and (max-width: 767px){.kadence-column261_dfc57e-66 > .kt-inside-inner-col{flex-direction:column;justify-content:center;}}<\/style>\n<div class=\"wp-block-kadence-column kadence-column261_dfc57e-66 inner-column-1\"><div class=\"kt-inside-inner-col\">\n<p><\/p>\n\n\n\n<figure class=\"wp-block-image size-large\"><img loading=\"lazy\" decoding=\"async\" width=\"570\" height=\"393\" src=\"http:\/\/piv-extruderdrives.com\/wp-content\/uploads\/2021\/05\/market-piv.jpg\" alt=\"\" class=\"wp-image-644\" srcset=\"https:\/\/piv-extruderdrives.com\/wp-content\/uploads\/2021\/05\/market-piv.jpg 570w, https:\/\/piv-extruderdrives.com\/wp-content\/uploads\/2021\/05\/market-piv-300x207.jpg 300w, https:\/\/piv-extruderdrives.com\/wp-content\/uploads\/2021\/05\/market-piv-510x352.jpg 510w\" sizes=\"auto, (max-width: 570px) 100vw, 570px\" \/><\/figure>\n\n\n\n<p><\/p>\n\n\n\n<p><\/p>\n<\/div><\/div>\n\n\n<style>.kadence-column261_db211e-32 > .kt-inside-inner-col,.kadence-column261_db211e-32 > .kt-inside-inner-col:before{border-top-left-radius:0px;border-top-right-radius:0px;border-bottom-right-radius:0px;border-bottom-left-radius:0px;}.kadence-column261_db211e-32 > .kt-inside-inner-col{column-gap:var(--global-kb-gap-sm, 1rem);}.kadence-column261_db211e-32 > .kt-inside-inner-col{flex-direction:column;}.kadence-column261_db211e-32 > .kt-inside-inner-col > .aligncenter{width:100%;}.kadence-column261_db211e-32 > .kt-inside-inner-col:before{opacity:0.3;}.kadence-column261_db211e-32{position:relative;}@media all and (max-width: 1024px){.kadence-column261_db211e-32 > .kt-inside-inner-col{flex-direction:column;justify-content:center;}}@media all and (max-width: 767px){.kadence-column261_db211e-32 > .kt-inside-inner-col{flex-direction:column;justify-content:center;}}<\/style>\n<div class=\"wp-block-kadence-column kadence-column261_db211e-32 inner-column-2\"><div class=\"kt-inside-inner-col\">\n<h2 class=\"wp-block-heading has-text-color has-link-color wp-elements-0434b1fce0c20c073d4af91ecb659309\" style=\"color:#0032a0;text-transform:none\">PIV\u2122\u00a0Variator\u00a0<\/h2>\n\n\n\n<p><\/p>\n\n\n\n<p>Stufenlos regelbare Antriebssysteme werden in praktisch allen Technologiebereichen ben\u00f6tigt. Der Vorteil mechanisch stufenlos regelbarer Getriebe liegt in der speziellen Drehmomentumwandlung entsprechend dem gew\u00e4hlten \u00dcbersetzungsverh\u00e4ltnis. Als Pionier der mechanisch stufenlosen Antriebstechnik bietet P.I.V mit einer breiten Produktpalette robuste und zuverl\u00e4ssige L\u00f6sungen f\u00fcr unterschiedlichste Anwendungen in mehr als vierzig Branchen an. Dazu geh\u00f6ren Chemiefasern, Textil- und Papierverarbeitung, B\u00fchnentechnik, Bergbau, F\u00f6rderanlagen, Umwelttechnik &#8211; wie Kl\u00e4ranlagen und Windkraftanlagen &#8211; oder auch kernkrafttechnische Anlagen.<\/p>\n\n\n\n<div style=\"height:40px\" aria-hidden=\"true\" class=\"wp-block-spacer\"><\/div>\n<\/div><\/div>\n\n<\/div><\/div>\n\n\n<div style=\"height:100px\" aria-hidden=\"true\" class=\"wp-block-spacer\"><\/div>\n","protected":false},"excerpt":{"rendered":"<p>PIV\u2122-l\u00f6sungenF\u00fcr kunststoff und gummi Um den Anforderungen globaler Kunden in der Gummi- und Kunststoffindustrie gerecht zu werden, bietet [&hellip;]<\/p>\n","protected":false},"author":1,"featured_media":0,"parent":0,"menu_order":6,"comment_status":"closed","ping_status":"closed","template":"","meta":{"_acf_changed":false,"footnotes":""},"class_list":["post-261","page","type-page","status-publish","hentry"],"acf":[],"yoast_head":"<!-- This site is optimized with the Yoast SEO plugin v26.6 - https:\/\/yoast.com\/wordpress\/plugins\/seo\/ -->\n<title>M\u00e4rkte | PIV Extruder Drives<\/title>\n<meta name=\"description\" content=\"M\u00e4rkte - Dies spiegelt sich bei allen Produkten unseres umfangreichen Sortiments wider Zahnstangengetriebe f\u00fcr Spritzgie\u00dfmaschinen, Planetengetriebe\" \/>\n<meta name=\"robots\" content=\"index, follow, max-snippet:-1, max-image-preview:large, max-video-preview:-1\" \/>\n<link rel=\"canonical\" href=\"https:\/\/piv-extruderdrives.com\/de\/maerkte\/\" \/>\n<meta property=\"og:locale\" content=\"de_DE\" \/>\n<meta property=\"og:type\" content=\"article\" \/>\n<meta property=\"og:title\" content=\"M\u00e4rkte | PIV Extruder Drives\" \/>\n<meta property=\"og:description\" content=\"M\u00e4rkte - Dies spiegelt sich bei allen Produkten unseres umfangreichen Sortiments wider Zahnstangengetriebe f\u00fcr Spritzgie\u00dfmaschinen, Planetengetriebe\" \/>\n<meta property=\"og:url\" content=\"https:\/\/piv-extruderdrives.com\/de\/maerkte\/\" \/>\n<meta property=\"og:site_name\" content=\"PIV\" \/>\n<meta property=\"article:modified_time\" content=\"2026-01-15T16:56:59+00:00\" \/>\n<meta property=\"og:image\" content=\"https:\/\/piv-extruderdrives.com\/wp-content\/uploads\/2019\/08\/Plastic-and-Rubber.jpg\" \/>\n\t<meta property=\"og:image:width\" content=\"570\" \/>\n\t<meta property=\"og:image:height\" content=\"393\" \/>\n\t<meta property=\"og:image:type\" content=\"image\/jpeg\" \/>\n<meta name=\"twitter:card\" content=\"summary_large_image\" \/>\n<meta name=\"twitter:label1\" content=\"Gesch\u00e4tzte Lesezeit\" \/>\n\t<meta name=\"twitter:data1\" content=\"1\u00a0Minute\" \/>\n<script type=\"application\/ld+json\" class=\"yoast-schema-graph\">{\"@context\":\"https:\/\/schema.org\",\"@graph\":[{\"@type\":\"WebPage\",\"@id\":\"https:\/\/piv-extruderdrives.com\/de\/maerkte\/\",\"url\":\"https:\/\/piv-extruderdrives.com\/de\/maerkte\/\",\"name\":\"M\u00e4rkte | PIV Extruder Drives\",\"isPartOf\":{\"@id\":\"https:\/\/piv-extruderdrives.com\/#website\"},\"primaryImageOfPage\":{\"@id\":\"https:\/\/piv-extruderdrives.com\/de\/maerkte\/#primaryimage\"},\"image\":{\"@id\":\"https:\/\/piv-extruderdrives.com\/de\/maerkte\/#primaryimage\"},\"thumbnailUrl\":\"http:\/\/piv-extruderdrives.com\/wp-content\/uploads\/2019\/08\/Plastic-and-Rubber.jpg\",\"datePublished\":\"2019-07-29T08:14:30+00:00\",\"dateModified\":\"2026-01-15T16:56:59+00:00\",\"description\":\"M\u00e4rkte - Dies spiegelt sich bei allen Produkten unseres umfangreichen Sortiments wider Zahnstangengetriebe f\u00fcr Spritzgie\u00dfmaschinen, Planetengetriebe\",\"breadcrumb\":{\"@id\":\"https:\/\/piv-extruderdrives.com\/de\/maerkte\/#breadcrumb\"},\"inLanguage\":\"de\",\"potentialAction\":[{\"@type\":\"ReadAction\",\"target\":[\"https:\/\/piv-extruderdrives.com\/de\/maerkte\/\"]}]},{\"@type\":\"ImageObject\",\"inLanguage\":\"de\",\"@id\":\"https:\/\/piv-extruderdrives.com\/de\/maerkte\/#primaryimage\",\"url\":\"http:\/\/piv-extruderdrives.com\/wp-content\/uploads\/2019\/08\/Plastic-and-Rubber.jpg\",\"contentUrl\":\"http:\/\/piv-extruderdrives.com\/wp-content\/uploads\/2019\/08\/Plastic-and-Rubber.jpg\"},{\"@type\":\"BreadcrumbList\",\"@id\":\"https:\/\/piv-extruderdrives.com\/de\/maerkte\/#breadcrumb\",\"itemListElement\":[{\"@type\":\"ListItem\",\"position\":1,\"name\":\"Home\",\"item\":\"https:\/\/piv-extruderdrives.com\/de\/\"},{\"@type\":\"ListItem\",\"position\":2,\"name\":\"M\u00e4rkte\"}]},{\"@type\":\"WebSite\",\"@id\":\"https:\/\/piv-extruderdrives.com\/#website\",\"url\":\"https:\/\/piv-extruderdrives.com\/\",\"name\":\"PIV\",\"description\":\"\",\"potentialAction\":[{\"@type\":\"SearchAction\",\"target\":{\"@type\":\"EntryPoint\",\"urlTemplate\":\"https:\/\/piv-extruderdrives.com\/?s={search_term_string}\"},\"query-input\":{\"@type\":\"PropertyValueSpecification\",\"valueRequired\":true,\"valueName\":\"search_term_string\"}}],\"inLanguage\":\"de\"}]}<\/script>\n<!-- \/ Yoast SEO plugin. -->","yoast_head_json":{"title":"M\u00e4rkte | PIV Extruder Drives","description":"M\u00e4rkte - Dies spiegelt sich bei allen Produkten unseres umfangreichen Sortiments wider Zahnstangengetriebe f\u00fcr Spritzgie\u00dfmaschinen, Planetengetriebe","robots":{"index":"index","follow":"follow","max-snippet":"max-snippet:-1","max-image-preview":"max-image-preview:large","max-video-preview":"max-video-preview:-1"},"canonical":"https:\/\/piv-extruderdrives.com\/de\/maerkte\/","og_locale":"de_DE","og_type":"article","og_title":"M\u00e4rkte | PIV Extruder Drives","og_description":"M\u00e4rkte - Dies spiegelt sich bei allen Produkten unseres umfangreichen Sortiments wider Zahnstangengetriebe f\u00fcr Spritzgie\u00dfmaschinen, Planetengetriebe","og_url":"https:\/\/piv-extruderdrives.com\/de\/maerkte\/","og_site_name":"PIV","article_modified_time":"2026-01-15T16:56:59+00:00","og_image":[{"width":570,"height":393,"url":"https:\/\/piv-extruderdrives.com\/wp-content\/uploads\/2019\/08\/Plastic-and-Rubber.jpg","type":"image\/jpeg"}],"twitter_card":"summary_large_image","twitter_misc":{"Gesch\u00e4tzte Lesezeit":"1\u00a0Minute"},"schema":{"@context":"https:\/\/schema.org","@graph":[{"@type":"WebPage","@id":"https:\/\/piv-extruderdrives.com\/de\/maerkte\/","url":"https:\/\/piv-extruderdrives.com\/de\/maerkte\/","name":"M\u00e4rkte | PIV Extruder Drives","isPartOf":{"@id":"https:\/\/piv-extruderdrives.com\/#website"},"primaryImageOfPage":{"@id":"https:\/\/piv-extruderdrives.com\/de\/maerkte\/#primaryimage"},"image":{"@id":"https:\/\/piv-extruderdrives.com\/de\/maerkte\/#primaryimage"},"thumbnailUrl":"http:\/\/piv-extruderdrives.com\/wp-content\/uploads\/2019\/08\/Plastic-and-Rubber.jpg","datePublished":"2019-07-29T08:14:30+00:00","dateModified":"2026-01-15T16:56:59+00:00","description":"M\u00e4rkte - Dies spiegelt sich bei allen Produkten unseres umfangreichen Sortiments wider Zahnstangengetriebe f\u00fcr Spritzgie\u00dfmaschinen, Planetengetriebe","breadcrumb":{"@id":"https:\/\/piv-extruderdrives.com\/de\/maerkte\/#breadcrumb"},"inLanguage":"de","potentialAction":[{"@type":"ReadAction","target":["https:\/\/piv-extruderdrives.com\/de\/maerkte\/"]}]},{"@type":"ImageObject","inLanguage":"de","@id":"https:\/\/piv-extruderdrives.com\/de\/maerkte\/#primaryimage","url":"http:\/\/piv-extruderdrives.com\/wp-content\/uploads\/2019\/08\/Plastic-and-Rubber.jpg","contentUrl":"http:\/\/piv-extruderdrives.com\/wp-content\/uploads\/2019\/08\/Plastic-and-Rubber.jpg"},{"@type":"BreadcrumbList","@id":"https:\/\/piv-extruderdrives.com\/de\/maerkte\/#breadcrumb","itemListElement":[{"@type":"ListItem","position":1,"name":"Home","item":"https:\/\/piv-extruderdrives.com\/de\/"},{"@type":"ListItem","position":2,"name":"M\u00e4rkte"}]},{"@type":"WebSite","@id":"https:\/\/piv-extruderdrives.com\/#website","url":"https:\/\/piv-extruderdrives.com\/","name":"PIV","description":"","potentialAction":[{"@type":"SearchAction","target":{"@type":"EntryPoint","urlTemplate":"https:\/\/piv-extruderdrives.com\/?s={search_term_string}"},"query-input":{"@type":"PropertyValueSpecification","valueRequired":true,"valueName":"search_term_string"}}],"inLanguage":"de"}]}},"_links":{"self":[{"href":"https:\/\/piv-extruderdrives.com\/de\/wp-json\/wp\/v2\/pages\/261","targetHints":{"allow":["GET"]}}],"collection":[{"href":"https:\/\/piv-extruderdrives.com\/de\/wp-json\/wp\/v2\/pages"}],"about":[{"href":"https:\/\/piv-extruderdrives.com\/de\/wp-json\/wp\/v2\/types\/page"}],"author":[{"embeddable":true,"href":"https:\/\/piv-extruderdrives.com\/de\/wp-json\/wp\/v2\/users\/1"}],"replies":[{"embeddable":true,"href":"https:\/\/piv-extruderdrives.com\/de\/wp-json\/wp\/v2\/comments?post=261"}],"version-history":[{"count":14,"href":"https:\/\/piv-extruderdrives.com\/de\/wp-json\/wp\/v2\/pages\/261\/revisions"}],"predecessor-version":[{"id":1008,"href":"https:\/\/piv-extruderdrives.com\/de\/wp-json\/wp\/v2\/pages\/261\/revisions\/1008"}],"wp:attachment":[{"href":"https:\/\/piv-extruderdrives.com\/de\/wp-json\/wp\/v2\/media?parent=261"}],"curies":[{"name":"wp","href":"https:\/\/api.w.org\/{rel}","templated":true}]}}