{"id":262,"date":"2019-08-01T15:31:45","date_gmt":"2019-08-01T13:31:45","guid":{"rendered":"http:\/\/piv-extruderdrives.com\/service\/"},"modified":"2026-01-15T17:58:57","modified_gmt":"2026-01-15T16:58:57","slug":"service","status":"publish","type":"page","link":"https:\/\/piv-extruderdrives.com\/de\/service\/","title":{"rendered":"Service"},"content":{"rendered":"\n<div class=\"wp-block-themepunch-revslider revslider\" data-slidertitle=\"Service\" style=\"\">\n\t\t\t<!-- START Service REVOLUTION SLIDER 6.7.40 --><p class=\"rs-p-wp-fix\"><\/p>\n\t\t\t<rs-module-wrap id=\"rev_slider_3_1_wrapper\" data-source=\"gallery\" style=\"visibility:hidden;background:transparent;padding:0;margin:0px auto;margin-top:0;margin-bottom:0;\">\n\t\t\t\t<rs-module id=\"rev_slider_3_1\" style=\"\" data-version=\"6.7.40\">\n\t\t\t\t\t<rs-slides style=\"overflow: hidden; position: absolute;\">\n\t\t\t\t\t\t<rs-slide style=\"position: absolute;\" data-key=\"rs-3\" data-title=\"Slide\" data-anim=\"ms:600;r:0;\" data-in=\"o:0;\" data-out=\"a:false;\">\n\t\t\t\t\t\t\t<img decoding=\"async\" src=\"\/\/piv-extruderdrives.com\/wp-content\/plugins\/revslider\/sr6\/assets\/assets\/dummy.png\" alt=\"\" title=\"service-header-piv\" width=\"1920\" height=\"345\" class=\"rev-slidebg tp-rs-img rs-lazyload\" data-lazyload=\"\/\/piv-extruderdrives.com\/wp-content\/uploads\/2019\/08\/service-header-piv.jpg\" data-no-retina>\n<!---->\t\t\t\t\t<\/rs-slide>\n\t\t\t\t\t<\/rs-slides>\n\t\t\t\t<\/rs-module>\n\t\t\t\t<script>\n\t\t\t\t\tsetREVStartSize({c: 'rev_slider_3_1',rl:[1240,1024,778,480],el:[345],gw:[1240],gh:[345],type:'standard',justify:'',layout:'fullwidth',mh:\"0\"});if (window.RS_MODULES!==undefined && window.RS_MODULES.modules!==undefined && window.RS_MODULES.modules[\"revslider31\"]!==undefined) {window.RS_MODULES.modules[\"revslider31\"].once = false;window.revapi3 = undefined;if (window.RS_MODULES.checkMinimal!==undefined) window.RS_MODULES.checkMinimal()}\n\t\t\t\t<\/script>\n\t\t\t<\/rs-module-wrap>\n\t\t\t<!-- END REVOLUTION SLIDER -->\n<\/div>\n\n\n<style>.kb-row-layout-id262_b3d0e3-05 > .kt-row-column-wrap{align-content:start;}:where(.kb-row-layout-id262_b3d0e3-05 > .kt-row-column-wrap) > .wp-block-kadence-column{justify-content:start;}.kb-row-layout-id262_b3d0e3-05 > .kt-row-column-wrap{column-gap:var(--global-kb-gap-md, 2rem);row-gap:var(--global-kb-gap-md, 2rem);padding-top:var(--global-kb-spacing-sm, 1.5rem);padding-bottom:var(--global-kb-spacing-sm, 1.5rem);grid-template-columns:minmax(0, 1fr);}.kb-row-layout-id262_b3d0e3-05 > .kt-row-layout-overlay{opacity:0.30;}@media all and (max-width: 1024px){.kb-row-layout-id262_b3d0e3-05 > .kt-row-column-wrap{grid-template-columns:minmax(0, 1fr);}}@media all and (max-width: 767px){.kb-row-layout-id262_b3d0e3-05 > .kt-row-column-wrap{grid-template-columns:minmax(0, 1fr);}}<\/style><div class=\"kb-row-layout-wrap kb-row-layout-id262_b3d0e3-05 alignnone wp-block-kadence-rowlayout\"><div class=\"kt-row-column-wrap kt-has-1-columns kt-row-layout-equal kt-tab-layout-inherit kt-mobile-layout-row kt-row-valign-top\">\n<style>.kadence-column262_1d55d3-16 > .kt-inside-inner-col,.kadence-column262_1d55d3-16 > .kt-inside-inner-col:before{border-top-left-radius:0px;border-top-right-radius:0px;border-bottom-right-radius:0px;border-bottom-left-radius:0px;}.kadence-column262_1d55d3-16 > .kt-inside-inner-col{column-gap:var(--global-kb-gap-sm, 1rem);}.kadence-column262_1d55d3-16 > .kt-inside-inner-col{flex-direction:column;}.kadence-column262_1d55d3-16 > .kt-inside-inner-col > .aligncenter{width:100%;}.kadence-column262_1d55d3-16 > .kt-inside-inner-col:before{opacity:0.3;}.kadence-column262_1d55d3-16{position:relative;}@media all and (max-width: 1024px){.kadence-column262_1d55d3-16 > .kt-inside-inner-col{flex-direction:column;justify-content:center;}}@media all and (max-width: 767px){.kadence-column262_1d55d3-16 > .kt-inside-inner-col{flex-direction:column;justify-content:center;}}<\/style>\n<div class=\"wp-block-kadence-column kadence-column262_1d55d3-16 inner-column-1\"><div class=\"kt-inside-inner-col\">\n<p class=\"has-text-align-center containerS\"><br>   <strong>Schneller Service, der   \u00fcberzeugt: Instandhaltung, Wartung und General\u00fcberholung von Getrieben<\/strong>   <\/p>\n\n\n\n<p class=\"has-text-align-center containerS\">Im Laufe unserer fast hundertj\u00e4hrigen Unternehmensgeschichte haben wir weltweit \u00fcber eine Million Getriebe installiert&nbsp;\u2013 da ist es f\u00fcr uns ganz selbstverst\u00e4ndlich, unseren Kunden auch guten Service zu bieten. Zu Diensten steht hierf\u00fcr ein weltumspannendes Netz an Spezialisten, die hochwertige Serviceleistungen f\u00fcr Ihre PIV\u2122&nbsp;Drives-Produkte erbringen. <\/p>\n\n\n<div class=\"wp-block-image\">\n<figure class=\"aligncenter\"><img loading=\"lazy\" decoding=\"async\" width=\"1024\" height=\"315\" src=\"http:\/\/piv-extruderdrives.com\/wp-content\/uploads\/2019\/08\/service-piv-1-1024x315.jpg\" alt=\"\" class=\"wp-image-108\" srcset=\"https:\/\/piv-extruderdrives.com\/wp-content\/uploads\/2019\/08\/service-piv-1-1024x315.jpg 1024w, https:\/\/piv-extruderdrives.com\/wp-content\/uploads\/2019\/08\/service-piv-1-300x92.jpg 300w, https:\/\/piv-extruderdrives.com\/wp-content\/uploads\/2019\/08\/service-piv-1-768x236.jpg 768w, https:\/\/piv-extruderdrives.com\/wp-content\/uploads\/2019\/08\/service-piv-1-510x157.jpg 510w, https:\/\/piv-extruderdrives.com\/wp-content\/uploads\/2019\/08\/service-piv-1-690x212.jpg 690w, https:\/\/piv-extruderdrives.com\/wp-content\/uploads\/2019\/08\/service-piv-1-930x286.jpg 930w, https:\/\/piv-extruderdrives.com\/wp-content\/uploads\/2019\/08\/service-piv-1.jpg 1086w\" sizes=\"auto, (max-width: 1024px) 100vw, 1024px\" \/><\/figure>\n<\/div><\/div><\/div>\n\n<\/div><\/div>\n\n<style>.kb-row-layout-id262_cb090a-95 > .kt-row-column-wrap{align-content:start;}:where(.kb-row-layout-id262_cb090a-95 > .kt-row-column-wrap) > .wp-block-kadence-column{justify-content:start;}.kb-row-layout-id262_cb090a-95 > .kt-row-column-wrap{column-gap:var(--global-kb-gap-md, 2rem);row-gap:var(--global-kb-gap-md, 2rem);padding-top:var(--global-kb-spacing-sm, 1.5rem);padding-bottom:var(--global-kb-spacing-sm, 1.5rem);grid-template-columns:minmax(0, 2fr) minmax(0, 1fr);}.kb-row-layout-id262_cb090a-95 > .kt-row-layout-overlay{opacity:0.30;}@media all and (max-width: 1024px){.kb-row-layout-id262_cb090a-95 > .kt-row-column-wrap{grid-template-columns:minmax(0, 2fr) minmax(0, 1fr);}}@media all and (max-width: 767px){.kb-row-layout-id262_cb090a-95 > .kt-row-column-wrap{grid-template-columns:minmax(0, 1fr);}}<\/style><div class=\"kb-row-layout-wrap kb-row-layout-id262_cb090a-95 alignnone containerS wp-block-kadence-rowlayout\"><div class=\"kt-row-column-wrap kt-has-2-columns kt-row-layout-left-golden kt-tab-layout-inherit kt-mobile-layout-row kt-row-valign-top\">\n<style>.kadence-column262_f8edf2-25 > .kt-inside-inner-col,.kadence-column262_f8edf2-25 > .kt-inside-inner-col:before{border-top-left-radius:0px;border-top-right-radius:0px;border-bottom-right-radius:0px;border-bottom-left-radius:0px;}.kadence-column262_f8edf2-25 > .kt-inside-inner-col{column-gap:var(--global-kb-gap-sm, 1rem);}.kadence-column262_f8edf2-25 > .kt-inside-inner-col{flex-direction:column;}.kadence-column262_f8edf2-25 > .kt-inside-inner-col > .aligncenter{width:100%;}.kadence-column262_f8edf2-25 > .kt-inside-inner-col:before{opacity:0.3;}.kadence-column262_f8edf2-25{position:relative;}@media all and (max-width: 1024px){.kadence-column262_f8edf2-25 > .kt-inside-inner-col{flex-direction:column;justify-content:center;}}@media all and (max-width: 767px){.kadence-column262_f8edf2-25 > .kt-inside-inner-col{flex-direction:column;justify-content:center;}}<\/style>\n<div class=\"wp-block-kadence-column kadence-column262_f8edf2-25 inner-column-1\"><div class=\"kt-inside-inner-col\">\n<p> Qualifizierte, erfahrene Techniker ermitteln schnell die optimale L\u00f6sung zur Minimierung von Ausfallzeiten und sind f\u00fcr anspruchsvollste Instandhaltungs-, Wartungs- und Reparaturaufgaben verf\u00fcgbar&nbsp;\u2013 rund um die Uhr. Im Rahmen unseres werkseitigen Reparatur- und Upgrade-Services bringen wir alte Getriebe auf den neuesten technischen Leistungsstand. Und das i-T\u00fcpfelchen f\u00fcr unsere Kunden: Unsere interne Verpackungs- und Versandabteilung \u00fcbernimmt den weltweiten Transport, sodass sich der Kunde um nichts k\u00fcmmern muss. <\/p>\n\n\n\n<div style=\"height:40px\" aria-hidden=\"true\" class=\"wp-block-spacer\"><\/div>\n\n\n\n<h2 class=\"wp-block-heading has-text-color has-link-color wp-elements-715ddd593d7538dcde52def7c8977689\" style=\"color:#0032a0;text-transform:none\">Unser umfassendes serviceangebot:<\/h2>\n\n\n\n<p><\/p>\n\n\n\n<ul class=\"wp-block-list\">\n<li>Weltweiter Vor-Ort-Service<\/li>\n\n\n\n<li>Beratung und Support<\/li>\n\n\n\n<li>Inspektions-,<br>     Reparatur- und Austauschservice f\u00fcr Getriebe aller Arten und Hersteller<\/li>\n\n\n\n<li>Vorausschauender Kundendienst, geplante<br>     Instandhaltung<\/li>\n\n\n\n<li>\u00dcberarbeitung,<br>     Aufr\u00fcstung und General\u00fcberholung von Getrieben<\/li>\n\n\n\n<li>Ersatzteilservice<\/li>\n\n\n\n<li>Bearbeitung von Garantief\u00e4llen<\/li>\n\n\n\n<li>Kundenspezifische Schulungsleistungen<\/li>\n<\/ul>\n<\/div><\/div>\n\n\n<style>.kadence-column262_ddc059-c3 > .kt-inside-inner-col,.kadence-column262_ddc059-c3 > .kt-inside-inner-col:before{border-top-left-radius:0px;border-top-right-radius:0px;border-bottom-right-radius:0px;border-bottom-left-radius:0px;}.kadence-column262_ddc059-c3 > .kt-inside-inner-col{column-gap:var(--global-kb-gap-sm, 1rem);}.kadence-column262_ddc059-c3 > .kt-inside-inner-col{flex-direction:column;}.kadence-column262_ddc059-c3 > .kt-inside-inner-col > .aligncenter{width:100%;}.kadence-column262_ddc059-c3 > .kt-inside-inner-col:before{opacity:0.3;}.kadence-column262_ddc059-c3{position:relative;}@media all and (max-width: 1024px){.kadence-column262_ddc059-c3 > .kt-inside-inner-col{flex-direction:column;justify-content:center;}}@media all and (max-width: 767px){.kadence-column262_ddc059-c3 > .kt-inside-inner-col{flex-direction:column;justify-content:center;}}<\/style>\n<div class=\"wp-block-kadence-column kadence-column262_ddc059-c3 inner-column-2\"><div class=\"kt-inside-inner-col\"><div class=\"wp-block-image\">\n<figure class=\"alignright size-full is-resized\"><img loading=\"lazy\" decoding=\"async\" width=\"209\" height=\"300\" src=\"https:\/\/piv-extruderdrives.com\/wp-content\/uploads\/2025\/12\/Piv-service.jpg\" alt=\"\" class=\"wp-image-925\" style=\"width:272px;height:auto\"\/><\/figure>\n<\/div><\/div><\/div>\n\n<\/div><\/div>\n\n\n<div style=\"height:37px\" aria-hidden=\"true\" class=\"wp-block-spacer\"><\/div>\n\n\n<style>.wp-block-kadence-advancedbtn.kb-btns262_95369e-4d{gap:var(--global-kb-gap-xs, 0.5rem );justify-content:center;align-items:center;}.kt-btns262_95369e-4d .kt-button{font-weight:normal;font-style:normal;}<\/style>\n<div class=\"wp-block-kadence-advancedbtn kb-buttons-wrap kb-btns262_95369e-4d\"><style>.wp-block-kadence-advancedbtn .kb-btn262_66edbc-04.kb-button, ul.menu .wp-block-kadence-advancedbtn .kb-btn262_66edbc-04.kb-button{width:330px;}.wp-block-kadence-advancedbtn .kb-btn262_66edbc-04.kb-button{color:#ffffff;background:#da291c;font-family:'Open Sans';font-weight:400;border-top-left-radius:0px;border-top-right-radius:0px;border-bottom-right-radius:0px;border-bottom-left-radius:0px;border-top:1px solid #da291c;border-right:1px solid #da291c;border-bottom:1px solid #da291c;border-left:1px solid #da291c;}.wp-block-kadence-advancedbtn .kb-btn262_66edbc-04.kb-button:hover, .wp-block-kadence-advancedbtn .kb-btn262_66edbc-04.kb-button:focus{color:#da291c;background:#ffffff;border-top:1px solid #da291c;border-right:1px solid #da291c;border-bottom:1px solid #da291c;border-left:1px solid #da291c;}@media all and (max-width: 1024px){.wp-block-kadence-advancedbtn .kb-btn262_66edbc-04.kb-button{border-top:1px solid #da291c;border-right:1px solid #da291c;border-bottom:1px solid #da291c;border-left:1px solid #da291c;}}@media all and (max-width: 1024px){.wp-block-kadence-advancedbtn .kb-btn262_66edbc-04.kb-button:hover, .wp-block-kadence-advancedbtn .kb-btn262_66edbc-04.kb-button:focus{border-top:1px solid #da291c;border-right:1px solid #da291c;border-bottom:1px solid #da291c;border-left:1px solid #da291c;}}@media all and (max-width: 767px){.wp-block-kadence-advancedbtn .kb-btn262_66edbc-04.kb-button{border-top:1px solid #da291c;border-right:1px solid #da291c;border-bottom:1px solid #da291c;border-left:1px solid #da291c;}.wp-block-kadence-advancedbtn .kb-btn262_66edbc-04.kb-button:hover, .wp-block-kadence-advancedbtn .kb-btn262_66edbc-04.kb-button:focus{border-top:1px solid #da291c;border-right:1px solid #da291c;border-bottom:1px solid #da291c;border-left:1px solid #da291c;}}<\/style><a class=\"kb-button kt-button button kb-btn262_66edbc-04 kt-btn-size-standard kt-btn-width-type-fixed kb-btn-global-outline  kt-btn-has-text-true kt-btn-has-svg-false  wp-block-kadence-singlebtn\" href=\"http:\/\/piv-extruderdrives.com\/wp-content\/uploads\/2019\/09\/03-PIV-Drives-Conditions-of-Repair_en.pdf\" target=\"_blank\" rel=\"noreferrer noopener\"><span class=\"kt-btn-inner-text\">Herunterladen reparaturbedingungen<\/span><\/a><\/div>\n\n\n\n<div style=\"height:59px\" aria-hidden=\"true\" class=\"wp-block-spacer\"><\/div>\n","protected":false},"excerpt":{"rendered":"<p>Schneller Service, der \u00fcberzeugt: Instandhaltung, Wartung und General\u00fcberholung von Getrieben Im Laufe unserer fast hundertj\u00e4hrigen Unternehmensgeschichte haben wir [&hellip;]<\/p>\n","protected":false},"author":1,"featured_media":0,"parent":0,"menu_order":3,"comment_status":"closed","ping_status":"closed","template":"","meta":{"_acf_changed":false,"footnotes":""},"class_list":["post-262","page","type-page","status-publish","hentry"],"acf":[],"yoast_head":"<!-- This site is optimized with the Yoast SEO plugin v26.6 - https:\/\/yoast.com\/wordpress\/plugins\/seo\/ -->\n<title>Service | PIV Extruder Drives<\/title>\n<meta name=\"description\" content=\"Qualifizierte, erfahrene Techniker schnell die optimale L\u00f6sung zur Minimierung von Ausfallzeiten, f\u00fcr anspruchsvollste Instandhaltungs verf\u00fcgbar\" \/>\n<meta name=\"robots\" content=\"index, follow, max-snippet:-1, max-image-preview:large, max-video-preview:-1\" \/>\n<link rel=\"canonical\" href=\"https:\/\/piv-extruderdrives.com\/de\/service\/\" \/>\n<meta property=\"og:locale\" content=\"de_DE\" \/>\n<meta property=\"og:type\" content=\"article\" \/>\n<meta property=\"og:title\" content=\"Service | PIV Extruder Drives\" \/>\n<meta property=\"og:description\" content=\"Qualifizierte, erfahrene Techniker schnell die optimale L\u00f6sung zur Minimierung von Ausfallzeiten, f\u00fcr anspruchsvollste Instandhaltungs verf\u00fcgbar\" \/>\n<meta property=\"og:url\" content=\"https:\/\/piv-extruderdrives.com\/de\/service\/\" \/>\n<meta property=\"og:site_name\" content=\"PIV\" \/>\n<meta property=\"article:modified_time\" content=\"2026-01-15T16:58:57+00:00\" \/>\n<meta property=\"og:image\" content=\"https:\/\/piv-extruderdrives.com\/wp-content\/uploads\/2019\/08\/service-piv-1.jpg\" \/>\n\t<meta property=\"og:image:width\" content=\"1086\" \/>\n\t<meta property=\"og:image:height\" content=\"334\" \/>\n\t<meta property=\"og:image:type\" content=\"image\/jpeg\" \/>\n<meta name=\"twitter:card\" content=\"summary_large_image\" \/>\n<meta name=\"twitter:label1\" content=\"Gesch\u00e4tzte Lesezeit\" \/>\n\t<meta name=\"twitter:data1\" content=\"2\u00a0Minuten\" \/>\n<script type=\"application\/ld+json\" class=\"yoast-schema-graph\">{\"@context\":\"https:\/\/schema.org\",\"@graph\":[{\"@type\":\"WebPage\",\"@id\":\"https:\/\/piv-extruderdrives.com\/de\/service\/\",\"url\":\"https:\/\/piv-extruderdrives.com\/de\/service\/\",\"name\":\"Service | PIV Extruder Drives\",\"isPartOf\":{\"@id\":\"https:\/\/piv-extruderdrives.com\/#website\"},\"primaryImageOfPage\":{\"@id\":\"https:\/\/piv-extruderdrives.com\/de\/service\/#primaryimage\"},\"image\":{\"@id\":\"https:\/\/piv-extruderdrives.com\/de\/service\/#primaryimage\"},\"thumbnailUrl\":\"http:\/\/piv-extruderdrives.com\/wp-content\/uploads\/2019\/08\/service-piv-1-1024x315.jpg\",\"datePublished\":\"2019-08-01T13:31:45+00:00\",\"dateModified\":\"2026-01-15T16:58:57+00:00\",\"description\":\"Qualifizierte, erfahrene Techniker schnell die optimale L\u00f6sung zur Minimierung von Ausfallzeiten, f\u00fcr anspruchsvollste Instandhaltungs verf\u00fcgbar\",\"breadcrumb\":{\"@id\":\"https:\/\/piv-extruderdrives.com\/de\/service\/#breadcrumb\"},\"inLanguage\":\"de\",\"potentialAction\":[{\"@type\":\"ReadAction\",\"target\":[\"https:\/\/piv-extruderdrives.com\/de\/service\/\"]}]},{\"@type\":\"ImageObject\",\"inLanguage\":\"de\",\"@id\":\"https:\/\/piv-extruderdrives.com\/de\/service\/#primaryimage\",\"url\":\"http:\/\/piv-extruderdrives.com\/wp-content\/uploads\/2019\/08\/service-piv-1-1024x315.jpg\",\"contentUrl\":\"http:\/\/piv-extruderdrives.com\/wp-content\/uploads\/2019\/08\/service-piv-1-1024x315.jpg\"},{\"@type\":\"BreadcrumbList\",\"@id\":\"https:\/\/piv-extruderdrives.com\/de\/service\/#breadcrumb\",\"itemListElement\":[{\"@type\":\"ListItem\",\"position\":1,\"name\":\"Home\",\"item\":\"https:\/\/piv-extruderdrives.com\/de\/\"},{\"@type\":\"ListItem\",\"position\":2,\"name\":\"Service\"}]},{\"@type\":\"WebSite\",\"@id\":\"https:\/\/piv-extruderdrives.com\/#website\",\"url\":\"https:\/\/piv-extruderdrives.com\/\",\"name\":\"PIV\",\"description\":\"\",\"potentialAction\":[{\"@type\":\"SearchAction\",\"target\":{\"@type\":\"EntryPoint\",\"urlTemplate\":\"https:\/\/piv-extruderdrives.com\/?s={search_term_string}\"},\"query-input\":{\"@type\":\"PropertyValueSpecification\",\"valueRequired\":true,\"valueName\":\"search_term_string\"}}],\"inLanguage\":\"de\"}]}<\/script>\n<!-- \/ Yoast SEO plugin. -->","yoast_head_json":{"title":"Service | PIV Extruder Drives","description":"Qualifizierte, erfahrene Techniker schnell die optimale L\u00f6sung zur Minimierung von Ausfallzeiten, f\u00fcr anspruchsvollste Instandhaltungs verf\u00fcgbar","robots":{"index":"index","follow":"follow","max-snippet":"max-snippet:-1","max-image-preview":"max-image-preview:large","max-video-preview":"max-video-preview:-1"},"canonical":"https:\/\/piv-extruderdrives.com\/de\/service\/","og_locale":"de_DE","og_type":"article","og_title":"Service | PIV Extruder Drives","og_description":"Qualifizierte, erfahrene Techniker schnell die optimale L\u00f6sung zur Minimierung von Ausfallzeiten, f\u00fcr anspruchsvollste Instandhaltungs verf\u00fcgbar","og_url":"https:\/\/piv-extruderdrives.com\/de\/service\/","og_site_name":"PIV","article_modified_time":"2026-01-15T16:58:57+00:00","og_image":[{"width":1086,"height":334,"url":"https:\/\/piv-extruderdrives.com\/wp-content\/uploads\/2019\/08\/service-piv-1.jpg","type":"image\/jpeg"}],"twitter_card":"summary_large_image","twitter_misc":{"Gesch\u00e4tzte Lesezeit":"2\u00a0Minuten"},"schema":{"@context":"https:\/\/schema.org","@graph":[{"@type":"WebPage","@id":"https:\/\/piv-extruderdrives.com\/de\/service\/","url":"https:\/\/piv-extruderdrives.com\/de\/service\/","name":"Service | PIV Extruder Drives","isPartOf":{"@id":"https:\/\/piv-extruderdrives.com\/#website"},"primaryImageOfPage":{"@id":"https:\/\/piv-extruderdrives.com\/de\/service\/#primaryimage"},"image":{"@id":"https:\/\/piv-extruderdrives.com\/de\/service\/#primaryimage"},"thumbnailUrl":"http:\/\/piv-extruderdrives.com\/wp-content\/uploads\/2019\/08\/service-piv-1-1024x315.jpg","datePublished":"2019-08-01T13:31:45+00:00","dateModified":"2026-01-15T16:58:57+00:00","description":"Qualifizierte, erfahrene Techniker schnell die optimale L\u00f6sung zur Minimierung von Ausfallzeiten, f\u00fcr anspruchsvollste Instandhaltungs verf\u00fcgbar","breadcrumb":{"@id":"https:\/\/piv-extruderdrives.com\/de\/service\/#breadcrumb"},"inLanguage":"de","potentialAction":[{"@type":"ReadAction","target":["https:\/\/piv-extruderdrives.com\/de\/service\/"]}]},{"@type":"ImageObject","inLanguage":"de","@id":"https:\/\/piv-extruderdrives.com\/de\/service\/#primaryimage","url":"http:\/\/piv-extruderdrives.com\/wp-content\/uploads\/2019\/08\/service-piv-1-1024x315.jpg","contentUrl":"http:\/\/piv-extruderdrives.com\/wp-content\/uploads\/2019\/08\/service-piv-1-1024x315.jpg"},{"@type":"BreadcrumbList","@id":"https:\/\/piv-extruderdrives.com\/de\/service\/#breadcrumb","itemListElement":[{"@type":"ListItem","position":1,"name":"Home","item":"https:\/\/piv-extruderdrives.com\/de\/"},{"@type":"ListItem","position":2,"name":"Service"}]},{"@type":"WebSite","@id":"https:\/\/piv-extruderdrives.com\/#website","url":"https:\/\/piv-extruderdrives.com\/","name":"PIV","description":"","potentialAction":[{"@type":"SearchAction","target":{"@type":"EntryPoint","urlTemplate":"https:\/\/piv-extruderdrives.com\/?s={search_term_string}"},"query-input":{"@type":"PropertyValueSpecification","valueRequired":true,"valueName":"search_term_string"}}],"inLanguage":"de"}]}},"_links":{"self":[{"href":"https:\/\/piv-extruderdrives.com\/de\/wp-json\/wp\/v2\/pages\/262","targetHints":{"allow":["GET"]}}],"collection":[{"href":"https:\/\/piv-extruderdrives.com\/de\/wp-json\/wp\/v2\/pages"}],"about":[{"href":"https:\/\/piv-extruderdrives.com\/de\/wp-json\/wp\/v2\/types\/page"}],"author":[{"embeddable":true,"href":"https:\/\/piv-extruderdrives.com\/de\/wp-json\/wp\/v2\/users\/1"}],"replies":[{"embeddable":true,"href":"https:\/\/piv-extruderdrives.com\/de\/wp-json\/wp\/v2\/comments?post=262"}],"version-history":[{"count":17,"href":"https:\/\/piv-extruderdrives.com\/de\/wp-json\/wp\/v2\/pages\/262\/revisions"}],"predecessor-version":[{"id":1011,"href":"https:\/\/piv-extruderdrives.com\/de\/wp-json\/wp\/v2\/pages\/262\/revisions\/1011"}],"wp:attachment":[{"href":"https:\/\/piv-extruderdrives.com\/de\/wp-json\/wp\/v2\/media?parent=262"}],"curies":[{"name":"wp","href":"https:\/\/api.w.org\/{rel}","templated":true}]}}