{"id":147,"date":"2019-08-01T16:11:55","date_gmt":"2019-08-01T14:11:55","guid":{"rendered":"http:\/\/piv-extruderdrives.com\/product\/twin-screw-extruder-drives\/"},"modified":"2020-11-02T11:21:54","modified_gmt":"2020-11-02T10:21:54","slug":"zweiwellen-extrudergetriebe","status":"publish","type":"product","link":"https:\/\/piv-extruderdrives.com\/de\/product\/zweiwellen-extrudergetriebe\/","title":{"rendered":"Zweiwellen-Extrudergetriebe"},"content":{"rendered":"\n<p><\/p>\n\n\n\n<p>H\u00f6chste Drehmomentwerte, optimale Effizienz und maximale Zuverl\u00e4ssigkeit \u2013 daf\u00fcr steht unsere <strong>POSITWIN<\/strong>-Reihe an Zweiwellen-Extruder Antrieben. <\/p>\n\n\n\n<p>Die\nleistungsoptimierten Verzahnungen sind einsatzgeh\u00e4rtet und geschliffen. Sie\nhalten die Biege- und Torsionskr\u00e4fte gut aus und erzielen ein\n\u00fcberdurchschnittlich hohes \u00dcbertragungsverh\u00e4ltnis und ein optimales\nGer\u00e4uschverhalten. Die beim Extrudieren auftretenden Axialkr\u00e4fte der Extruder-Schnecken\nwerden mithilfe von Tandemlagern und Axialpendelrollenlagern sicher vom\nGetriebe absorbiert.<\/p>\n\n\n\n<p>Mehr als\n7.000 unserer seit 1985 hergestellten Zweiwellen-Extruder Antriebe sind bei\nf\u00fchrenden Unternehmen der Kunststoff-, Gummi-, Pharma- und Lebensmittelindustrie\nim Einsatz und beweisen dort jeden Tag aufs Neue ihre Zuverl\u00e4ssigkeit und\nLeistungsst\u00e4rke.<\/p>\n\n\n\n<h3 class=\"wp-block-heading\">Haupteigenschaften <\/h3>\n\n\n\n<ul class=\"wp-block-list\"><li>H\u00f6chste Drehmomente, auf den Kundenwunsch und Markt bestimmbar<\/li><li>Optimierte Effizienz f\u00fcr reduzierten CO<sub>2<\/sub> Aussto\u00df<\/li><li>Hoher Wirkungsgrad (98%) durch optimierte Verzahnungsgeometrie und \u00d6lstand<\/li><li>Sehr gutes Ger\u00e4uschverhalten<\/li><li>Hochwertiges Geh\u00e4use<\/li><li>ATEX Zertifizierung bei Bedarf<\/li><li>Standardisiertes Schmiersystem<\/li><li>Herausragende Qualit\u00e4t<\/li><li>Optimiertes Preis-Leistungsverh\u00e4ltnis<\/li><li>H\u00f6chste Zuverl\u00e4ssigkeit und maximale Wartungsintervalle<\/li><li>Hohe Anpassungsf\u00e4higkeit und Flexibilit\u00e4t durch modularen und zweckm\u00e4\u00dfigen Aufbau<\/li><li>H\u00f6chsten Anforderungen an  Geschwindigkeit, Synchronit\u00e4t und Pr\u00e4zision gewachsen<\/li><li>Extreme Schwingungsfreiheit  und Laufruhe f\u00fcr h\u00f6chste Qualit\u00e4t <\/li><li>Getriebeauslegung nach DIN, ISO und AGMA<\/li><\/ul>\n\n\n\n<hr class=\"wp-block-separator\"\/>\n\n\n\n<h3 class=\"wp-block-heading\"> Technische Daten<\/h3>\n\n\n\n<table class=\"wp-block-table is-style-stripes\"><tbody><tr><td>  Hohe Drehmomentdichte <\/td><td>  bis 20 Nm \/ cm\u00b3 pro Welle <\/td><\/tr><tr><td>  Flexible Achsabst\u00e4nde <\/td><td>  von 15 mm bis 205 mm  <\/td><\/tr><tr><td>  Schneckendurchmesser <\/td><td>  von 20 mm bis 250 mm <\/td><\/tr><tr><td> Drehmomentbereich <\/td><td>  bis 40.000 Nm pro Abtriebswelle <\/td><\/tr><\/tbody><\/table>\n","protected":false},"author":1,"featured_media":96,"template":"","products_family":[9],"class_list":["post-147","product","type-product","status-publish","has-post-thumbnail","hentry","products_family-extruder-drives-de"],"acf":[],"yoast_head":"<!-- This site is optimized with the Yoast SEO plugin v26.6 - https:\/\/yoast.com\/wordpress\/plugins\/seo\/ -->\n<title>Extruder Drives Zweiwellen Extrudergetriebe - PIV<\/title>\n<meta name=\"description\" content=\"H\u00f6chste Drehmomentwerte, optimale Effizienz und maximale Zuverl\u00e4ssigkeit \u2013 daf\u00fcr steht unsere POSITWIN-Reihe an Zweiwellen-Extruder Antrieben.\" \/>\n<meta name=\"robots\" content=\"index, follow, max-snippet:-1, max-image-preview:large, max-video-preview:-1\" \/>\n<link rel=\"canonical\" href=\"https:\/\/piv-extruderdrives.com\/product\/twin-screw-extruder-drives\/\" \/>\n<meta property=\"og:locale\" content=\"de_DE\" \/>\n<meta property=\"og:type\" content=\"article\" \/>\n<meta property=\"og:title\" content=\"Extruder Drives Zweiwellen Extrudergetriebe - PIV\" \/>\n<meta property=\"og:description\" content=\"H\u00f6chste Drehmomentwerte, optimale Effizienz und maximale Zuverl\u00e4ssigkeit \u2013 daf\u00fcr steht unsere POSITWIN-Reihe an Zweiwellen-Extruder Antrieben.\" \/>\n<meta property=\"og:url\" content=\"https:\/\/piv-extruderdrives.com\/product\/twin-screw-extruder-drives\/\" \/>\n<meta property=\"og:site_name\" content=\"PIV\" \/>\n<meta property=\"article:modified_time\" content=\"2020-11-02T10:21:54+00:00\" \/>\n<meta property=\"og:image\" content=\"https:\/\/piv-extruderdrives.com\/wp-content\/uploads\/2019\/08\/PIV-Positwin.jpg\" \/>\n\t<meta property=\"og:image:width\" content=\"600\" \/>\n\t<meta property=\"og:image:height\" content=\"600\" \/>\n\t<meta property=\"og:image:type\" content=\"image\/jpeg\" \/>\n<meta name=\"twitter:card\" content=\"summary_large_image\" \/>\n<meta name=\"twitter:label1\" content=\"Gesch\u00e4tzte Lesezeit\" \/>\n\t<meta name=\"twitter:data1\" content=\"1\u00a0Minute\" \/>\n<script type=\"application\/ld+json\" class=\"yoast-schema-graph\">{\"@context\":\"https:\/\/schema.org\",\"@graph\":[{\"@type\":\"WebPage\",\"@id\":\"https:\/\/piv-extruderdrives.com\/product\/twin-screw-extruder-drives\/\",\"url\":\"https:\/\/piv-extruderdrives.com\/product\/twin-screw-extruder-drives\/\",\"name\":\"Extruder Drives Zweiwellen Extrudergetriebe - PIV\",\"isPartOf\":{\"@id\":\"https:\/\/piv-extruderdrives.com\/#website\"},\"primaryImageOfPage\":{\"@id\":\"https:\/\/piv-extruderdrives.com\/product\/twin-screw-extruder-drives\/#primaryimage\"},\"image\":{\"@id\":\"https:\/\/piv-extruderdrives.com\/product\/twin-screw-extruder-drives\/#primaryimage\"},\"thumbnailUrl\":\"https:\/\/piv-extruderdrives.com\/wp-content\/uploads\/2019\/08\/PIV-Positwin.jpg\",\"datePublished\":\"2019-08-01T14:11:55+00:00\",\"dateModified\":\"2020-11-02T10:21:54+00:00\",\"description\":\"H\u00f6chste Drehmomentwerte, optimale Effizienz und maximale Zuverl\u00e4ssigkeit \u2013 daf\u00fcr steht unsere POSITWIN-Reihe an Zweiwellen-Extruder Antrieben.\",\"breadcrumb\":{\"@id\":\"https:\/\/piv-extruderdrives.com\/product\/twin-screw-extruder-drives\/#breadcrumb\"},\"inLanguage\":\"de\",\"potentialAction\":[{\"@type\":\"ReadAction\",\"target\":[\"https:\/\/piv-extruderdrives.com\/product\/twin-screw-extruder-drives\/\"]}]},{\"@type\":\"ImageObject\",\"inLanguage\":\"de\",\"@id\":\"https:\/\/piv-extruderdrives.com\/product\/twin-screw-extruder-drives\/#primaryimage\",\"url\":\"https:\/\/piv-extruderdrives.com\/wp-content\/uploads\/2019\/08\/PIV-Positwin.jpg\",\"contentUrl\":\"https:\/\/piv-extruderdrives.com\/wp-content\/uploads\/2019\/08\/PIV-Positwin.jpg\",\"width\":600,\"height\":600},{\"@type\":\"BreadcrumbList\",\"@id\":\"https:\/\/piv-extruderdrives.com\/product\/twin-screw-extruder-drives\/#breadcrumb\",\"itemListElement\":[{\"@type\":\"ListItem\",\"position\":1,\"name\":\"Home\",\"item\":\"https:\/\/piv-extruderdrives.com\/de\/\"},{\"@type\":\"ListItem\",\"position\":2,\"name\":\"Zweiwellen-Extrudergetriebe\"}]},{\"@type\":\"WebSite\",\"@id\":\"https:\/\/piv-extruderdrives.com\/#website\",\"url\":\"https:\/\/piv-extruderdrives.com\/\",\"name\":\"PIV\",\"description\":\"\",\"potentialAction\":[{\"@type\":\"SearchAction\",\"target\":{\"@type\":\"EntryPoint\",\"urlTemplate\":\"https:\/\/piv-extruderdrives.com\/?s={search_term_string}\"},\"query-input\":{\"@type\":\"PropertyValueSpecification\",\"valueRequired\":true,\"valueName\":\"search_term_string\"}}],\"inLanguage\":\"de\"}]}<\/script>\n<!-- \/ Yoast SEO plugin. -->","yoast_head_json":{"title":"Extruder Drives Zweiwellen Extrudergetriebe - PIV","description":"H\u00f6chste Drehmomentwerte, optimale Effizienz und maximale Zuverl\u00e4ssigkeit \u2013 daf\u00fcr steht unsere POSITWIN-Reihe an Zweiwellen-Extruder Antrieben.","robots":{"index":"index","follow":"follow","max-snippet":"max-snippet:-1","max-image-preview":"max-image-preview:large","max-video-preview":"max-video-preview:-1"},"canonical":"https:\/\/piv-extruderdrives.com\/product\/twin-screw-extruder-drives\/","og_locale":"de_DE","og_type":"article","og_title":"Extruder Drives Zweiwellen Extrudergetriebe - PIV","og_description":"H\u00f6chste Drehmomentwerte, optimale Effizienz und maximale Zuverl\u00e4ssigkeit \u2013 daf\u00fcr steht unsere POSITWIN-Reihe an Zweiwellen-Extruder Antrieben.","og_url":"https:\/\/piv-extruderdrives.com\/product\/twin-screw-extruder-drives\/","og_site_name":"PIV","article_modified_time":"2020-11-02T10:21:54+00:00","og_image":[{"width":600,"height":600,"url":"https:\/\/piv-extruderdrives.com\/wp-content\/uploads\/2019\/08\/PIV-Positwin.jpg","type":"image\/jpeg"}],"twitter_card":"summary_large_image","twitter_misc":{"Gesch\u00e4tzte Lesezeit":"1\u00a0Minute"},"schema":{"@context":"https:\/\/schema.org","@graph":[{"@type":"WebPage","@id":"https:\/\/piv-extruderdrives.com\/product\/twin-screw-extruder-drives\/","url":"https:\/\/piv-extruderdrives.com\/product\/twin-screw-extruder-drives\/","name":"Extruder Drives Zweiwellen Extrudergetriebe - PIV","isPartOf":{"@id":"https:\/\/piv-extruderdrives.com\/#website"},"primaryImageOfPage":{"@id":"https:\/\/piv-extruderdrives.com\/product\/twin-screw-extruder-drives\/#primaryimage"},"image":{"@id":"https:\/\/piv-extruderdrives.com\/product\/twin-screw-extruder-drives\/#primaryimage"},"thumbnailUrl":"https:\/\/piv-extruderdrives.com\/wp-content\/uploads\/2019\/08\/PIV-Positwin.jpg","datePublished":"2019-08-01T14:11:55+00:00","dateModified":"2020-11-02T10:21:54+00:00","description":"H\u00f6chste Drehmomentwerte, optimale Effizienz und maximale Zuverl\u00e4ssigkeit \u2013 daf\u00fcr steht unsere POSITWIN-Reihe an Zweiwellen-Extruder Antrieben.","breadcrumb":{"@id":"https:\/\/piv-extruderdrives.com\/product\/twin-screw-extruder-drives\/#breadcrumb"},"inLanguage":"de","potentialAction":[{"@type":"ReadAction","target":["https:\/\/piv-extruderdrives.com\/product\/twin-screw-extruder-drives\/"]}]},{"@type":"ImageObject","inLanguage":"de","@id":"https:\/\/piv-extruderdrives.com\/product\/twin-screw-extruder-drives\/#primaryimage","url":"https:\/\/piv-extruderdrives.com\/wp-content\/uploads\/2019\/08\/PIV-Positwin.jpg","contentUrl":"https:\/\/piv-extruderdrives.com\/wp-content\/uploads\/2019\/08\/PIV-Positwin.jpg","width":600,"height":600},{"@type":"BreadcrumbList","@id":"https:\/\/piv-extruderdrives.com\/product\/twin-screw-extruder-drives\/#breadcrumb","itemListElement":[{"@type":"ListItem","position":1,"name":"Home","item":"https:\/\/piv-extruderdrives.com\/de\/"},{"@type":"ListItem","position":2,"name":"Zweiwellen-Extrudergetriebe"}]},{"@type":"WebSite","@id":"https:\/\/piv-extruderdrives.com\/#website","url":"https:\/\/piv-extruderdrives.com\/","name":"PIV","description":"","potentialAction":[{"@type":"SearchAction","target":{"@type":"EntryPoint","urlTemplate":"https:\/\/piv-extruderdrives.com\/?s={search_term_string}"},"query-input":{"@type":"PropertyValueSpecification","valueRequired":true,"valueName":"search_term_string"}}],"inLanguage":"de"}]}},"_links":{"self":[{"href":"https:\/\/piv-extruderdrives.com\/de\/wp-json\/wp\/v2\/product\/147","targetHints":{"allow":["GET"]}}],"collection":[{"href":"https:\/\/piv-extruderdrives.com\/de\/wp-json\/wp\/v2\/product"}],"about":[{"href":"https:\/\/piv-extruderdrives.com\/de\/wp-json\/wp\/v2\/types\/product"}],"author":[{"embeddable":true,"href":"https:\/\/piv-extruderdrives.com\/de\/wp-json\/wp\/v2\/users\/1"}],"wp:featuredmedia":[{"embeddable":true,"href":"https:\/\/piv-extruderdrives.com\/de\/wp-json\/wp\/v2\/media\/96"}],"wp:attachment":[{"href":"https:\/\/piv-extruderdrives.com\/de\/wp-json\/wp\/v2\/media?parent=147"}],"wp:term":[{"taxonomy":"products_family","embeddable":true,"href":"https:\/\/piv-extruderdrives.com\/de\/wp-json\/wp\/v2\/products_family?post=147"}],"curies":[{"name":"wp","href":"https:\/\/api.w.org\/{rel}","templated":true}]}}