{"id":152,"date":"2019-08-01T16:11:41","date_gmt":"2019-08-01T14:11:41","guid":{"rendered":"http:\/\/piv-extruderdrives.com\/product\/single-screw-extruder-drives\/"},"modified":"2020-11-02T11:20:38","modified_gmt":"2020-11-02T10:20:38","slug":"einwellen-extrudergetriebe","status":"publish","type":"product","link":"https:\/\/piv-extruderdrives.com\/de\/product\/einwellen-extrudergetriebe\/","title":{"rendered":"Einwellen-Extrudergetriebe"},"content":{"rendered":"\n<p>Die Getriebe dieser DANA PIV-<strong>Baureihe POSIREX f\u00fcr Einwellenextruder <\/strong>sind wahlweise mit angebautem oder integriertem Drucklager, in Stirn- und Kegelstirnradausf\u00fchrung lieferbar. Diese \u00e4u\u00dferst zuverl\u00e4ssigen Einwellen-Extruderantriebe sind komplett in Deutschland gefertigt. Die Getriebebaureihe ist nach dem Baukastenprinzip auf Grundlage der Produktpalette unserer Stirn- und Kegelstirnradgetriebe konzipiert, erg\u00e4nzt durch unterschiedliche verf\u00fcgbare Drucklageraufnahmen. Dadurch k\u00f6nnen praktisch alle Kundenw\u00fcnsche erf\u00fcllt werden. Vertikale oder horizontale Einbaulage, Tauchschmierung und \u00d6lk\u00fchlung mit oder ohne Zwangsschmierung sind m\u00f6gliche Varianten.<\/p>\n\n\n\n<p> Die Basis f\u00fcr diese <strong>DANA PIV<\/strong>-Baureihe bildet unsere breit gef\u00e4cherte Erfahrung in der Kunststoff- und Gummiindustrie, sowie Lebensmittel- und Futterindustrie. Seit 1985 hat die PIV in Deutschland bereits \u00fcber 20.000 Hochleistungsantriebe f\u00fcr Extruder, Compounder und Spritzgie\u00dfmaschinen hergestellt. Tag f\u00fcr Tag stellen diese ihre Zuverl\u00e4ssigkeit und Leistungsf\u00e4higkeit in den Produktionsprozessen unserer Kunden weltweit unter Beweis. <\/p>\n\n\n\n<h3 class=\"wp-block-heading\"> Haupteigenschaften  <\/h3>\n\n\n\n<p>\u2022    Optimierte Effizienz f\u00fcr den Umweltschutz und geringerem CO2 Aussto\u00df<br> \u2022    Sehr gutes Ger\u00e4uschverhalten<br> \u2022    Standardisiertes Schmiersystem<br> \u2022    Herausragende Qualit\u00e4t und Haltbarkeit<br> \u2022    Hohe Anpassungsf\u00e4higkeit und Flexibilit\u00e4t<br> \u2022    Umfassende Erfahrung<br> \u2022    ATEX Zertifizierung bei Bedarf<br> \u2022    Baukastenprinzip mit 19 Baugr\u00f6\u00dfen erlaubt flexible Anpassungen   <br> \u2022    Optimierter Energieverbrauch<br> \u2022    Minimaler Wartungsbedarf<br> \u2022    Hohe Wirkungsgrade<br> \u2022    Optimales Preis-Leistungsverh\u00e4ltnis<br> \u2022    Getriebeauslegung nach DIN, ISO und AGMA <\/p>\n\n\n\n<hr class=\"wp-block-separator\"\/>\n\n\n\n<h3 class=\"wp-block-heading\">  Technische Daten <\/h3>\n\n\n\n<table class=\"wp-block-table is-style-stripes\"><tbody><tr><td>Drehmomente<\/td><td>bis 720.000 Nm realisiert<br>gr\u00f6\u00dfere Drehmomente auf Anfrage<\/td><\/tr><\/tbody><\/table>\n","protected":false},"author":1,"featured_media":114,"template":"","products_family":[9],"class_list":["post-152","product","type-product","status-publish","has-post-thumbnail","hentry","products_family-extruder-drives-de"],"acf":[],"yoast_head":"<!-- This site is optimized with the Yoast SEO plugin v26.6 - https:\/\/yoast.com\/wordpress\/plugins\/seo\/ -->\n<title>Extruder Drives Einwellen Extrudergetriebe - PIV<\/title>\n<meta name=\"description\" content=\"DANA PIV-Baureihe POSIREX f\u00fcr Einwellenextruder sind wahlweise mit angebautem oder integriertem Drucklager, in Stirn- und Kegelstirnradausf\u00fchrung lieferbar.\" \/>\n<meta name=\"robots\" content=\"index, follow, max-snippet:-1, max-image-preview:large, max-video-preview:-1\" \/>\n<link rel=\"canonical\" href=\"https:\/\/piv-extruderdrives.com\/product\/single-screw-extruder-drives\/\" \/>\n<meta property=\"og:locale\" content=\"de_DE\" \/>\n<meta property=\"og:type\" content=\"article\" \/>\n<meta property=\"og:title\" content=\"Extruder Drives Einwellen Extrudergetriebe - PIV\" \/>\n<meta property=\"og:description\" content=\"DANA PIV-Baureihe POSIREX f\u00fcr Einwellenextruder sind wahlweise mit angebautem oder integriertem Drucklager, in Stirn- und Kegelstirnradausf\u00fchrung lieferbar.\" \/>\n<meta property=\"og:url\" content=\"https:\/\/piv-extruderdrives.com\/product\/single-screw-extruder-drives\/\" \/>\n<meta property=\"og:site_name\" content=\"PIV\" \/>\n<meta property=\"article:modified_time\" content=\"2020-11-02T10:20:38+00:00\" \/>\n<meta property=\"og:image\" content=\"https:\/\/piv-extruderdrives.com\/wp-content\/uploads\/2019\/08\/PIV-Posirex-1.jpg\" \/>\n\t<meta property=\"og:image:width\" content=\"600\" \/>\n\t<meta property=\"og:image:height\" content=\"600\" \/>\n\t<meta property=\"og:image:type\" content=\"image\/jpeg\" \/>\n<meta name=\"twitter:card\" content=\"summary_large_image\" \/>\n<meta name=\"twitter:label1\" content=\"Gesch\u00e4tzte Lesezeit\" \/>\n\t<meta name=\"twitter:data1\" content=\"1\u00a0Minute\" \/>\n<script type=\"application\/ld+json\" class=\"yoast-schema-graph\">{\"@context\":\"https:\/\/schema.org\",\"@graph\":[{\"@type\":\"WebPage\",\"@id\":\"https:\/\/piv-extruderdrives.com\/product\/single-screw-extruder-drives\/\",\"url\":\"https:\/\/piv-extruderdrives.com\/product\/single-screw-extruder-drives\/\",\"name\":\"Extruder Drives Einwellen Extrudergetriebe - PIV\",\"isPartOf\":{\"@id\":\"https:\/\/piv-extruderdrives.com\/#website\"},\"primaryImageOfPage\":{\"@id\":\"https:\/\/piv-extruderdrives.com\/product\/single-screw-extruder-drives\/#primaryimage\"},\"image\":{\"@id\":\"https:\/\/piv-extruderdrives.com\/product\/single-screw-extruder-drives\/#primaryimage\"},\"thumbnailUrl\":\"https:\/\/piv-extruderdrives.com\/wp-content\/uploads\/2019\/08\/PIV-Posirex-1.jpg\",\"datePublished\":\"2019-08-01T14:11:41+00:00\",\"dateModified\":\"2020-11-02T10:20:38+00:00\",\"description\":\"DANA PIV-Baureihe POSIREX f\u00fcr Einwellenextruder sind wahlweise mit angebautem oder integriertem Drucklager, in Stirn- und Kegelstirnradausf\u00fchrung lieferbar.\",\"breadcrumb\":{\"@id\":\"https:\/\/piv-extruderdrives.com\/product\/single-screw-extruder-drives\/#breadcrumb\"},\"inLanguage\":\"de\",\"potentialAction\":[{\"@type\":\"ReadAction\",\"target\":[\"https:\/\/piv-extruderdrives.com\/product\/single-screw-extruder-drives\/\"]}]},{\"@type\":\"ImageObject\",\"inLanguage\":\"de\",\"@id\":\"https:\/\/piv-extruderdrives.com\/product\/single-screw-extruder-drives\/#primaryimage\",\"url\":\"https:\/\/piv-extruderdrives.com\/wp-content\/uploads\/2019\/08\/PIV-Posirex-1.jpg\",\"contentUrl\":\"https:\/\/piv-extruderdrives.com\/wp-content\/uploads\/2019\/08\/PIV-Posirex-1.jpg\",\"width\":600,\"height\":600},{\"@type\":\"BreadcrumbList\",\"@id\":\"https:\/\/piv-extruderdrives.com\/product\/single-screw-extruder-drives\/#breadcrumb\",\"itemListElement\":[{\"@type\":\"ListItem\",\"position\":1,\"name\":\"Home\",\"item\":\"https:\/\/piv-extruderdrives.com\/de\/\"},{\"@type\":\"ListItem\",\"position\":2,\"name\":\"Einwellen-Extrudergetriebe\"}]},{\"@type\":\"WebSite\",\"@id\":\"https:\/\/piv-extruderdrives.com\/#website\",\"url\":\"https:\/\/piv-extruderdrives.com\/\",\"name\":\"PIV\",\"description\":\"\",\"potentialAction\":[{\"@type\":\"SearchAction\",\"target\":{\"@type\":\"EntryPoint\",\"urlTemplate\":\"https:\/\/piv-extruderdrives.com\/?s={search_term_string}\"},\"query-input\":{\"@type\":\"PropertyValueSpecification\",\"valueRequired\":true,\"valueName\":\"search_term_string\"}}],\"inLanguage\":\"de\"}]}<\/script>\n<!-- \/ Yoast SEO plugin. -->","yoast_head_json":{"title":"Extruder Drives Einwellen Extrudergetriebe - PIV","description":"DANA PIV-Baureihe POSIREX f\u00fcr Einwellenextruder sind wahlweise mit angebautem oder integriertem Drucklager, in Stirn- und Kegelstirnradausf\u00fchrung lieferbar.","robots":{"index":"index","follow":"follow","max-snippet":"max-snippet:-1","max-image-preview":"max-image-preview:large","max-video-preview":"max-video-preview:-1"},"canonical":"https:\/\/piv-extruderdrives.com\/product\/single-screw-extruder-drives\/","og_locale":"de_DE","og_type":"article","og_title":"Extruder Drives Einwellen Extrudergetriebe - PIV","og_description":"DANA PIV-Baureihe POSIREX f\u00fcr Einwellenextruder sind wahlweise mit angebautem oder integriertem Drucklager, in Stirn- und Kegelstirnradausf\u00fchrung lieferbar.","og_url":"https:\/\/piv-extruderdrives.com\/product\/single-screw-extruder-drives\/","og_site_name":"PIV","article_modified_time":"2020-11-02T10:20:38+00:00","og_image":[{"width":600,"height":600,"url":"https:\/\/piv-extruderdrives.com\/wp-content\/uploads\/2019\/08\/PIV-Posirex-1.jpg","type":"image\/jpeg"}],"twitter_card":"summary_large_image","twitter_misc":{"Gesch\u00e4tzte Lesezeit":"1\u00a0Minute"},"schema":{"@context":"https:\/\/schema.org","@graph":[{"@type":"WebPage","@id":"https:\/\/piv-extruderdrives.com\/product\/single-screw-extruder-drives\/","url":"https:\/\/piv-extruderdrives.com\/product\/single-screw-extruder-drives\/","name":"Extruder Drives Einwellen Extrudergetriebe - PIV","isPartOf":{"@id":"https:\/\/piv-extruderdrives.com\/#website"},"primaryImageOfPage":{"@id":"https:\/\/piv-extruderdrives.com\/product\/single-screw-extruder-drives\/#primaryimage"},"image":{"@id":"https:\/\/piv-extruderdrives.com\/product\/single-screw-extruder-drives\/#primaryimage"},"thumbnailUrl":"https:\/\/piv-extruderdrives.com\/wp-content\/uploads\/2019\/08\/PIV-Posirex-1.jpg","datePublished":"2019-08-01T14:11:41+00:00","dateModified":"2020-11-02T10:20:38+00:00","description":"DANA PIV-Baureihe POSIREX f\u00fcr Einwellenextruder sind wahlweise mit angebautem oder integriertem Drucklager, in Stirn- und Kegelstirnradausf\u00fchrung lieferbar.","breadcrumb":{"@id":"https:\/\/piv-extruderdrives.com\/product\/single-screw-extruder-drives\/#breadcrumb"},"inLanguage":"de","potentialAction":[{"@type":"ReadAction","target":["https:\/\/piv-extruderdrives.com\/product\/single-screw-extruder-drives\/"]}]},{"@type":"ImageObject","inLanguage":"de","@id":"https:\/\/piv-extruderdrives.com\/product\/single-screw-extruder-drives\/#primaryimage","url":"https:\/\/piv-extruderdrives.com\/wp-content\/uploads\/2019\/08\/PIV-Posirex-1.jpg","contentUrl":"https:\/\/piv-extruderdrives.com\/wp-content\/uploads\/2019\/08\/PIV-Posirex-1.jpg","width":600,"height":600},{"@type":"BreadcrumbList","@id":"https:\/\/piv-extruderdrives.com\/product\/single-screw-extruder-drives\/#breadcrumb","itemListElement":[{"@type":"ListItem","position":1,"name":"Home","item":"https:\/\/piv-extruderdrives.com\/de\/"},{"@type":"ListItem","position":2,"name":"Einwellen-Extrudergetriebe"}]},{"@type":"WebSite","@id":"https:\/\/piv-extruderdrives.com\/#website","url":"https:\/\/piv-extruderdrives.com\/","name":"PIV","description":"","potentialAction":[{"@type":"SearchAction","target":{"@type":"EntryPoint","urlTemplate":"https:\/\/piv-extruderdrives.com\/?s={search_term_string}"},"query-input":{"@type":"PropertyValueSpecification","valueRequired":true,"valueName":"search_term_string"}}],"inLanguage":"de"}]}},"_links":{"self":[{"href":"https:\/\/piv-extruderdrives.com\/de\/wp-json\/wp\/v2\/product\/152","targetHints":{"allow":["GET"]}}],"collection":[{"href":"https:\/\/piv-extruderdrives.com\/de\/wp-json\/wp\/v2\/product"}],"about":[{"href":"https:\/\/piv-extruderdrives.com\/de\/wp-json\/wp\/v2\/types\/product"}],"author":[{"embeddable":true,"href":"https:\/\/piv-extruderdrives.com\/de\/wp-json\/wp\/v2\/users\/1"}],"wp:featuredmedia":[{"embeddable":true,"href":"https:\/\/piv-extruderdrives.com\/de\/wp-json\/wp\/v2\/media\/114"}],"wp:attachment":[{"href":"https:\/\/piv-extruderdrives.com\/de\/wp-json\/wp\/v2\/media?parent=152"}],"wp:term":[{"taxonomy":"products_family","embeddable":true,"href":"https:\/\/piv-extruderdrives.com\/de\/wp-json\/wp\/v2\/products_family?post=152"}],"curies":[{"name":"wp","href":"https:\/\/api.w.org\/{rel}","templated":true}]}}