{"id":159,"date":"2019-08-01T16:12:09","date_gmt":"2019-08-01T14:12:09","guid":{"rendered":"http:\/\/piv-extruderdrives.com\/product\/injection-molding-drives\/"},"modified":"2020-11-02T11:24:21","modified_gmt":"2020-11-02T10:24:21","slug":"zahnstangengetriebe-fuer-spritzgiessmaschinen","status":"publish","type":"product","link":"https:\/\/piv-extruderdrives.com\/de\/product\/zahnstangengetriebe-fuer-spritzgiessmaschinen\/","title":{"rendered":"Zahnstangengetriebe f\u00fcr Spritzgie\u00dfmaschinen"},"content":{"rendered":"\n<p>Seit 1994,&nbsp; baut PIV Drives Zahnstangengetriebe der Reihe <strong>POSIRACK<\/strong> f\u00fcr den Formschluss in vielen elektrischen Spritzgie\u00dfmaschinen. Das Zahnstangengetriebe ist ein laufruhiges Stirnradgetriebe mit h\u00f6chsten Beschleunigungs- und Abbremsmomenten in kompakter Bauweise mit einem integrierten Motor.<\/p>\n\n\n\n<p>POSIRACK\nist ein laufruhiges Stirnradgetriebe mit doppelt verzahnter Zahnstange.\nEinsatzgeh\u00e4rtete und geschliffene Zahnr\u00e4der gew\u00e4hrleisten, dass hohe\nBeschleunigungs- und Abbremsmomente sicher \u00fcbertragen werden. Die\nleistungsoptimierten Verzahnungen sorgen f\u00fcr eine gleichm\u00e4\u00dfige Lastaufteilung\ndes Drehmomentes, w\u00e4hrend ein gutes Ger\u00e4uschverhalten durch einen hohen\n\u00dcberdeckungsgrad erreicht wird. Das ausgekl\u00fcgelte Design gew\u00e4hrleistet die\nkorrekte F\u00fchrung der Zahnstange im Getriebe. Die optimierte Lastaufteilung\nerm\u00f6glicht Zahnstangengeschwindigkeiten von bis zu 2000 mm\/s.<\/p>\n\n\n\n<p>Mit diesen\nleistungsstarken Zahnstangengetriebe sind Sie in der Lage, Ihre Zykluszeiten zu\nverringern und Ihre Ausgabemengen zu erh\u00f6hen.<\/p>\n\n\n\n<h3 class=\"wp-block-heading\"> Haupteigenschaften <\/h3>\n\n\n\n<ul class=\"wp-block-list\"><li> Kompaktes Design<\/li><li> Hoher Wirkungsgrad f\u00fcr geringeren CO2 Aussto\u00df<\/li><li> Optimierte Lastaufteilung f\u00fcr hohe Zahnstangengeschwindigkeit<\/li><li> Ger\u00e4uscharmer Betrieb durch hohen \u00dcberdeckungsgrad<\/li><li> Herausragende Lebensdauer<\/li><li> Hohe Anpassungsf\u00e4higkeit<\/li><li> Erm\u00f6glicht h\u00f6here Ausgabemengen in der Produktion<\/li><li> Geringer Wartungsbedarf<\/li><li> Verringerung der Zykluszeiten<\/li><li> Minimales Verdrehspiel in den Verzahnungen<\/li><li> H\u00f6chste Anforderungen an Geschwindigkeit, Synchronit\u00e4t und Pr\u00e4zision <\/li><li> Extreme Schwingungsfreiheit und Laufruhe <\/li><li> Getriebeauslegung nach DIN, ISO, und AGMA<\/li><\/ul>\n\n\n\n<hr class=\"wp-block-separator\"\/>\n\n\n\n<h3 class=\"wp-block-heading\"> Technische Daten <\/h3>\n\n\n\n<table class=\"wp-block-table is-style-stripes\"><tbody><tr><td>Hohe Zahnstangengeschwindigkeit<\/td><td>bis 2.000 mm\/s, &gt; auf Anfrage<\/td><\/tr><tr><td>Mehrere Baugr\u00f6\u00dfen und eine Schlie\u00dfkraft<\/td><td>bis zu 10.000 kN<\/td><\/tr><\/tbody><\/table>\n","protected":false},"author":1,"featured_media":84,"template":"","products_family":[9],"class_list":["post-159","product","type-product","status-publish","has-post-thumbnail","hentry","products_family-extruder-drives-de"],"acf":[],"yoast_head":"<!-- This site is optimized with the Yoast SEO plugin v26.6 - https:\/\/yoast.com\/wordpress\/plugins\/seo\/ -->\n<title>Extruder Drives Zahnstangengetriebe fuer Spritzgiessmaschinen - PIV<\/title>\n<meta name=\"description\" content=\"Seit 1994, baut PIV Drives Zahnstangengetriebe der Reihe POSIRACK f\u00fcr den Formschluss in vielen elektrischen Spritzgie\u00dfmaschinen.\" \/>\n<meta name=\"robots\" content=\"index, follow, max-snippet:-1, max-image-preview:large, max-video-preview:-1\" \/>\n<link rel=\"canonical\" href=\"https:\/\/piv-extruderdrives.com\/product\/injection-molding-drives\/\" \/>\n<meta property=\"og:locale\" content=\"de_DE\" \/>\n<meta property=\"og:type\" content=\"article\" \/>\n<meta property=\"og:title\" content=\"Extruder Drives Zahnstangengetriebe fuer Spritzgiessmaschinen - PIV\" \/>\n<meta property=\"og:description\" content=\"Seit 1994, baut PIV Drives Zahnstangengetriebe der Reihe POSIRACK f\u00fcr den Formschluss in vielen elektrischen Spritzgie\u00dfmaschinen.\" \/>\n<meta property=\"og:url\" content=\"https:\/\/piv-extruderdrives.com\/product\/injection-molding-drives\/\" \/>\n<meta property=\"og:site_name\" content=\"PIV\" \/>\n<meta property=\"article:modified_time\" content=\"2020-11-02T10:24:21+00:00\" \/>\n<meta property=\"og:image\" content=\"https:\/\/piv-extruderdrives.com\/wp-content\/uploads\/2019\/08\/Posirack.jpg\" \/>\n\t<meta property=\"og:image:width\" content=\"600\" \/>\n\t<meta property=\"og:image:height\" content=\"600\" \/>\n\t<meta property=\"og:image:type\" content=\"image\/jpeg\" \/>\n<meta name=\"twitter:card\" content=\"summary_large_image\" \/>\n<meta name=\"twitter:label1\" content=\"Gesch\u00e4tzte Lesezeit\" \/>\n\t<meta name=\"twitter:data1\" content=\"1\u00a0Minute\" \/>\n<script type=\"application\/ld+json\" class=\"yoast-schema-graph\">{\"@context\":\"https:\/\/schema.org\",\"@graph\":[{\"@type\":\"WebPage\",\"@id\":\"https:\/\/piv-extruderdrives.com\/product\/injection-molding-drives\/\",\"url\":\"https:\/\/piv-extruderdrives.com\/product\/injection-molding-drives\/\",\"name\":\"Extruder Drives Zahnstangengetriebe fuer Spritzgiessmaschinen - PIV\",\"isPartOf\":{\"@id\":\"https:\/\/piv-extruderdrives.com\/#website\"},\"primaryImageOfPage\":{\"@id\":\"https:\/\/piv-extruderdrives.com\/product\/injection-molding-drives\/#primaryimage\"},\"image\":{\"@id\":\"https:\/\/piv-extruderdrives.com\/product\/injection-molding-drives\/#primaryimage\"},\"thumbnailUrl\":\"https:\/\/piv-extruderdrives.com\/wp-content\/uploads\/2019\/08\/Posirack.jpg\",\"datePublished\":\"2019-08-01T14:12:09+00:00\",\"dateModified\":\"2020-11-02T10:24:21+00:00\",\"description\":\"Seit 1994, baut PIV Drives Zahnstangengetriebe der Reihe POSIRACK f\u00fcr den Formschluss in vielen elektrischen Spritzgie\u00dfmaschinen.\",\"breadcrumb\":{\"@id\":\"https:\/\/piv-extruderdrives.com\/product\/injection-molding-drives\/#breadcrumb\"},\"inLanguage\":\"de\",\"potentialAction\":[{\"@type\":\"ReadAction\",\"target\":[\"https:\/\/piv-extruderdrives.com\/product\/injection-molding-drives\/\"]}]},{\"@type\":\"ImageObject\",\"inLanguage\":\"de\",\"@id\":\"https:\/\/piv-extruderdrives.com\/product\/injection-molding-drives\/#primaryimage\",\"url\":\"https:\/\/piv-extruderdrives.com\/wp-content\/uploads\/2019\/08\/Posirack.jpg\",\"contentUrl\":\"https:\/\/piv-extruderdrives.com\/wp-content\/uploads\/2019\/08\/Posirack.jpg\",\"width\":600,\"height\":600},{\"@type\":\"BreadcrumbList\",\"@id\":\"https:\/\/piv-extruderdrives.com\/product\/injection-molding-drives\/#breadcrumb\",\"itemListElement\":[{\"@type\":\"ListItem\",\"position\":1,\"name\":\"Home\",\"item\":\"https:\/\/piv-extruderdrives.com\/de\/\"},{\"@type\":\"ListItem\",\"position\":2,\"name\":\"Zahnstangengetriebe f\u00fcr Spritzgie\u00dfmaschinen\"}]},{\"@type\":\"WebSite\",\"@id\":\"https:\/\/piv-extruderdrives.com\/#website\",\"url\":\"https:\/\/piv-extruderdrives.com\/\",\"name\":\"PIV\",\"description\":\"\",\"potentialAction\":[{\"@type\":\"SearchAction\",\"target\":{\"@type\":\"EntryPoint\",\"urlTemplate\":\"https:\/\/piv-extruderdrives.com\/?s={search_term_string}\"},\"query-input\":{\"@type\":\"PropertyValueSpecification\",\"valueRequired\":true,\"valueName\":\"search_term_string\"}}],\"inLanguage\":\"de\"}]}<\/script>\n<!-- \/ Yoast SEO plugin. -->","yoast_head_json":{"title":"Extruder Drives Zahnstangengetriebe fuer Spritzgiessmaschinen - PIV","description":"Seit 1994, baut PIV Drives Zahnstangengetriebe der Reihe POSIRACK f\u00fcr den Formschluss in vielen elektrischen Spritzgie\u00dfmaschinen.","robots":{"index":"index","follow":"follow","max-snippet":"max-snippet:-1","max-image-preview":"max-image-preview:large","max-video-preview":"max-video-preview:-1"},"canonical":"https:\/\/piv-extruderdrives.com\/product\/injection-molding-drives\/","og_locale":"de_DE","og_type":"article","og_title":"Extruder Drives Zahnstangengetriebe fuer Spritzgiessmaschinen - PIV","og_description":"Seit 1994, baut PIV Drives Zahnstangengetriebe der Reihe POSIRACK f\u00fcr den Formschluss in vielen elektrischen Spritzgie\u00dfmaschinen.","og_url":"https:\/\/piv-extruderdrives.com\/product\/injection-molding-drives\/","og_site_name":"PIV","article_modified_time":"2020-11-02T10:24:21+00:00","og_image":[{"width":600,"height":600,"url":"https:\/\/piv-extruderdrives.com\/wp-content\/uploads\/2019\/08\/Posirack.jpg","type":"image\/jpeg"}],"twitter_card":"summary_large_image","twitter_misc":{"Gesch\u00e4tzte Lesezeit":"1\u00a0Minute"},"schema":{"@context":"https:\/\/schema.org","@graph":[{"@type":"WebPage","@id":"https:\/\/piv-extruderdrives.com\/product\/injection-molding-drives\/","url":"https:\/\/piv-extruderdrives.com\/product\/injection-molding-drives\/","name":"Extruder Drives Zahnstangengetriebe fuer Spritzgiessmaschinen - PIV","isPartOf":{"@id":"https:\/\/piv-extruderdrives.com\/#website"},"primaryImageOfPage":{"@id":"https:\/\/piv-extruderdrives.com\/product\/injection-molding-drives\/#primaryimage"},"image":{"@id":"https:\/\/piv-extruderdrives.com\/product\/injection-molding-drives\/#primaryimage"},"thumbnailUrl":"https:\/\/piv-extruderdrives.com\/wp-content\/uploads\/2019\/08\/Posirack.jpg","datePublished":"2019-08-01T14:12:09+00:00","dateModified":"2020-11-02T10:24:21+00:00","description":"Seit 1994, baut PIV Drives Zahnstangengetriebe der Reihe POSIRACK f\u00fcr den Formschluss in vielen elektrischen Spritzgie\u00dfmaschinen.","breadcrumb":{"@id":"https:\/\/piv-extruderdrives.com\/product\/injection-molding-drives\/#breadcrumb"},"inLanguage":"de","potentialAction":[{"@type":"ReadAction","target":["https:\/\/piv-extruderdrives.com\/product\/injection-molding-drives\/"]}]},{"@type":"ImageObject","inLanguage":"de","@id":"https:\/\/piv-extruderdrives.com\/product\/injection-molding-drives\/#primaryimage","url":"https:\/\/piv-extruderdrives.com\/wp-content\/uploads\/2019\/08\/Posirack.jpg","contentUrl":"https:\/\/piv-extruderdrives.com\/wp-content\/uploads\/2019\/08\/Posirack.jpg","width":600,"height":600},{"@type":"BreadcrumbList","@id":"https:\/\/piv-extruderdrives.com\/product\/injection-molding-drives\/#breadcrumb","itemListElement":[{"@type":"ListItem","position":1,"name":"Home","item":"https:\/\/piv-extruderdrives.com\/de\/"},{"@type":"ListItem","position":2,"name":"Zahnstangengetriebe f\u00fcr Spritzgie\u00dfmaschinen"}]},{"@type":"WebSite","@id":"https:\/\/piv-extruderdrives.com\/#website","url":"https:\/\/piv-extruderdrives.com\/","name":"PIV","description":"","potentialAction":[{"@type":"SearchAction","target":{"@type":"EntryPoint","urlTemplate":"https:\/\/piv-extruderdrives.com\/?s={search_term_string}"},"query-input":{"@type":"PropertyValueSpecification","valueRequired":true,"valueName":"search_term_string"}}],"inLanguage":"de"}]}},"_links":{"self":[{"href":"https:\/\/piv-extruderdrives.com\/de\/wp-json\/wp\/v2\/product\/159","targetHints":{"allow":["GET"]}}],"collection":[{"href":"https:\/\/piv-extruderdrives.com\/de\/wp-json\/wp\/v2\/product"}],"about":[{"href":"https:\/\/piv-extruderdrives.com\/de\/wp-json\/wp\/v2\/types\/product"}],"author":[{"embeddable":true,"href":"https:\/\/piv-extruderdrives.com\/de\/wp-json\/wp\/v2\/users\/1"}],"wp:featuredmedia":[{"embeddable":true,"href":"https:\/\/piv-extruderdrives.com\/de\/wp-json\/wp\/v2\/media\/84"}],"wp:attachment":[{"href":"https:\/\/piv-extruderdrives.com\/de\/wp-json\/wp\/v2\/media?parent=159"}],"wp:term":[{"taxonomy":"products_family","embeddable":true,"href":"https:\/\/piv-extruderdrives.com\/de\/wp-json\/wp\/v2\/products_family?post=159"}],"curies":[{"name":"wp","href":"https:\/\/api.w.org\/{rel}","templated":true}]}}