{"id":335,"date":"2019-09-03T17:40:19","date_gmt":"2019-09-03T15:40:19","guid":{"rendered":"http:\/\/piv-extruderdrives.com\/product\/posired-2-series\/"},"modified":"2020-11-02T11:23:03","modified_gmt":"2020-11-02T10:23:03","slug":"posired-2-getriebe-fuer-gummikneter","status":"publish","type":"product","link":"https:\/\/piv-extruderdrives.com\/de\/product\/posired-2-getriebe-fuer-gummikneter\/","title":{"rendered":"Posired 2 Getriebe f\u00fcr Gummikneter"},"content":{"rendered":"\n<p><strong>Besondere Zuverl\u00e4ssigkeit und h\u00f6chste Effizienz<\/strong>.<\/p>\n\n\n\n<p>Diese Getriebe basieren auf der DANA Baureihe POSIRED 2 und sind modifiziert den Antrieb von Gummikneter. Die Abtriebswellen werden je nach Kundenbedarf angepasst. Diese \u00e4u\u00dferst zuverl\u00e4ssigen Stirnradgetriebe sind komplett in Deutschland gefertigt. Die Getriebebaureihe ist nach dem Baukastenprinzip auf Grundlage der Produktpalette unserer Stirn- und Kegelstirnradgetriebe konzipiert, erg\u00e4nzt durch zwei Abtriebswellen in einem geschwei\u00dften Stahlgeh\u00e4use. Dadurch k\u00f6nnen praktisch alle Kundenw\u00fcnsche erf\u00fcllt werden. Tauchschmierung und \u00d6lk\u00fchlung mit oder ohne Zwangsschmierung sind m\u00f6gliche Varianten.<\/p>\n\n\n\n<p> Die Basis f\u00fcr diese DANA PIV-Baureihe bildet unsere breit gef\u00e4cherte Erfahrung in der Kunststoff- und Gummiindustrie. Seit 1985 hat die PIV in Deutschland bereits \u00fcber 20.000 Hochleistungsantriebe f\u00fcr Extruder, Compounder und Spritzgie\u00dfmaschinen hergestellt. Tag f\u00fcr Tag stellen diese ihre Zuverl\u00e4ssigkeit und Leistungsf\u00e4higkeit in den Produktionsprozessen unserer Kunden weltweit unter Beweis.  <\/p>\n\n\n\n<h2 class=\"wp-block-heading\"><strong>Haupteigenschaften \/ Vorteile <\/strong> <\/h2>\n\n\n\n<ul class=\"wp-block-list\"><li>Optimierte Effizienz f\u00fcr den Umweltschutz und geringerem CO<sub>2<\/sub> Aussto\u00df<\/li><li>Sehr gutes Ger\u00e4uschverhalten<\/li><li>Hochwertiges Geh\u00e4use&nbsp;<\/li><li>Standardisiertes Schmiersystem<\/li><li>Herausragende Qualit\u00e4t und Haltbarkeit<\/li><li>Hohe Anpassungsf\u00e4higkeit, Flexibilit\u00e4t und Wirkungsgrade<\/li><li> ATEX Zertifizierung bei Bedarf  <\/li><li>Optimierter Energieverbrauch&nbsp;<\/li><li>Niedrige Unterhaltskosten (PLCC)<\/li><li>Modernste Fertigungstechnologien im Bereich Verzahnung und Lagerung<\/li><li>Maximale Langlebigkeit werden garantiert durch eine Kombination aus dem neuesten Stand der Technik, Verzahnungskomponenten, Qualit\u00e4tsw\u00e4lzlagern und eine Auslegung mit optimierten Sicherheitsfaktoren sowie spezielle Anwendungsfaktoren f\u00fcr \u00e4u\u00dfere St\u00f6rgr\u00f6\u00dfen.<\/li><li>Optimales Preis-Leistungsverh\u00e4ltnis<\/li><li>Extreme Schwingungsfreiheit und Laufruhe<\/li><li>Getriebeauslegung nach DIN, ISO und AGMA <\/li><\/ul>\n\n\n\n<hr class=\"wp-block-separator\"\/>\n\n\n\n<h2 class=\"wp-block-heading\"> Technical Data <\/h2>\n\n\n\n<table class=\"wp-block-table is-style-stripes\"><tbody><tr><td>Baukastenprinzip<\/td><td>mit 19 Baugr\u00f6\u00dfen erlaubt flexible Anpassungen <\/td><\/tr><tr><td>Drehmomente<\/td><td>bis 400.000 Nm realisiert; gr\u00f6\u00dfere Drehmomente auf Anfrage<\/td><\/tr><\/tbody><\/table>\n","protected":false},"author":2,"featured_media":324,"template":"","products_family":[9],"class_list":["post-335","product","type-product","status-publish","has-post-thumbnail","hentry","products_family-extruder-drives-de"],"acf":[],"yoast_head":"<!-- This site is optimized with the Yoast SEO plugin v26.6 - https:\/\/yoast.com\/wordpress\/plugins\/seo\/ -->\n<title>Extruder Drives Posired 2 Getriebe fuer Gummikneter - PIV<\/title>\n<meta name=\"description\" content=\"Diese Getriebe basieren auf der DANA Baureihe POSIRED 2 und sind modifiziert den Antrieb von Gummikneter. Die Abtriebswellen werden je nach Kundenbedarf angepasst.\" \/>\n<meta name=\"robots\" content=\"index, follow, max-snippet:-1, max-image-preview:large, max-video-preview:-1\" \/>\n<link rel=\"canonical\" href=\"https:\/\/piv-extruderdrives.com\/product\/posired-2-gears-for-rubber\/\" \/>\n<meta property=\"og:locale\" content=\"de_DE\" \/>\n<meta property=\"og:type\" content=\"article\" \/>\n<meta property=\"og:title\" content=\"Extruder Drives Posired 2 Getriebe fuer Gummikneter - PIV\" \/>\n<meta property=\"og:description\" content=\"Diese Getriebe basieren auf der DANA Baureihe POSIRED 2 und sind modifiziert den Antrieb von Gummikneter. Die Abtriebswellen werden je nach Kundenbedarf angepasst.\" \/>\n<meta property=\"og:url\" content=\"https:\/\/piv-extruderdrives.com\/product\/posired-2-gears-for-rubber\/\" \/>\n<meta property=\"og:site_name\" content=\"PIV\" \/>\n<meta property=\"article:modified_time\" content=\"2020-11-02T10:23:03+00:00\" \/>\n<meta property=\"og:image\" content=\"https:\/\/piv-extruderdrives.com\/wp-content\/uploads\/2019\/09\/Posired-2.png\" \/>\n\t<meta property=\"og:image:width\" content=\"600\" \/>\n\t<meta property=\"og:image:height\" content=\"600\" \/>\n\t<meta property=\"og:image:type\" content=\"image\/png\" \/>\n<meta name=\"twitter:card\" content=\"summary_large_image\" \/>\n<meta name=\"twitter:label1\" content=\"Gesch\u00e4tzte Lesezeit\" \/>\n\t<meta name=\"twitter:data1\" content=\"1\u00a0Minute\" \/>\n<script type=\"application\/ld+json\" class=\"yoast-schema-graph\">{\"@context\":\"https:\/\/schema.org\",\"@graph\":[{\"@type\":\"WebPage\",\"@id\":\"https:\/\/piv-extruderdrives.com\/product\/posired-2-gears-for-rubber\/\",\"url\":\"https:\/\/piv-extruderdrives.com\/product\/posired-2-gears-for-rubber\/\",\"name\":\"Extruder Drives Posired 2 Getriebe fuer Gummikneter - PIV\",\"isPartOf\":{\"@id\":\"https:\/\/piv-extruderdrives.com\/#website\"},\"primaryImageOfPage\":{\"@id\":\"https:\/\/piv-extruderdrives.com\/product\/posired-2-gears-for-rubber\/#primaryimage\"},\"image\":{\"@id\":\"https:\/\/piv-extruderdrives.com\/product\/posired-2-gears-for-rubber\/#primaryimage\"},\"thumbnailUrl\":\"https:\/\/piv-extruderdrives.com\/wp-content\/uploads\/2019\/09\/Posired-2.png\",\"datePublished\":\"2019-09-03T15:40:19+00:00\",\"dateModified\":\"2020-11-02T10:23:03+00:00\",\"description\":\"Diese Getriebe basieren auf der DANA Baureihe POSIRED 2 und sind modifiziert den Antrieb von Gummikneter. Die Abtriebswellen werden je nach Kundenbedarf angepasst.\",\"breadcrumb\":{\"@id\":\"https:\/\/piv-extruderdrives.com\/product\/posired-2-gears-for-rubber\/#breadcrumb\"},\"inLanguage\":\"de\",\"potentialAction\":[{\"@type\":\"ReadAction\",\"target\":[\"https:\/\/piv-extruderdrives.com\/product\/posired-2-gears-for-rubber\/\"]}]},{\"@type\":\"ImageObject\",\"inLanguage\":\"de\",\"@id\":\"https:\/\/piv-extruderdrives.com\/product\/posired-2-gears-for-rubber\/#primaryimage\",\"url\":\"https:\/\/piv-extruderdrives.com\/wp-content\/uploads\/2019\/09\/Posired-2.png\",\"contentUrl\":\"https:\/\/piv-extruderdrives.com\/wp-content\/uploads\/2019\/09\/Posired-2.png\",\"width\":600,\"height\":600},{\"@type\":\"BreadcrumbList\",\"@id\":\"https:\/\/piv-extruderdrives.com\/product\/posired-2-gears-for-rubber\/#breadcrumb\",\"itemListElement\":[{\"@type\":\"ListItem\",\"position\":1,\"name\":\"Home\",\"item\":\"https:\/\/piv-extruderdrives.com\/de\/\"},{\"@type\":\"ListItem\",\"position\":2,\"name\":\"Posired 2 Getriebe f\u00fcr Gummikneter\"}]},{\"@type\":\"WebSite\",\"@id\":\"https:\/\/piv-extruderdrives.com\/#website\",\"url\":\"https:\/\/piv-extruderdrives.com\/\",\"name\":\"PIV\",\"description\":\"\",\"potentialAction\":[{\"@type\":\"SearchAction\",\"target\":{\"@type\":\"EntryPoint\",\"urlTemplate\":\"https:\/\/piv-extruderdrives.com\/?s={search_term_string}\"},\"query-input\":{\"@type\":\"PropertyValueSpecification\",\"valueRequired\":true,\"valueName\":\"search_term_string\"}}],\"inLanguage\":\"de\"}]}<\/script>\n<!-- \/ Yoast SEO plugin. -->","yoast_head_json":{"title":"Extruder Drives Posired 2 Getriebe fuer Gummikneter - PIV","description":"Diese Getriebe basieren auf der DANA Baureihe POSIRED 2 und sind modifiziert den Antrieb von Gummikneter. Die Abtriebswellen werden je nach Kundenbedarf angepasst.","robots":{"index":"index","follow":"follow","max-snippet":"max-snippet:-1","max-image-preview":"max-image-preview:large","max-video-preview":"max-video-preview:-1"},"canonical":"https:\/\/piv-extruderdrives.com\/product\/posired-2-gears-for-rubber\/","og_locale":"de_DE","og_type":"article","og_title":"Extruder Drives Posired 2 Getriebe fuer Gummikneter - PIV","og_description":"Diese Getriebe basieren auf der DANA Baureihe POSIRED 2 und sind modifiziert den Antrieb von Gummikneter. Die Abtriebswellen werden je nach Kundenbedarf angepasst.","og_url":"https:\/\/piv-extruderdrives.com\/product\/posired-2-gears-for-rubber\/","og_site_name":"PIV","article_modified_time":"2020-11-02T10:23:03+00:00","og_image":[{"width":600,"height":600,"url":"https:\/\/piv-extruderdrives.com\/wp-content\/uploads\/2019\/09\/Posired-2.png","type":"image\/png"}],"twitter_card":"summary_large_image","twitter_misc":{"Gesch\u00e4tzte Lesezeit":"1\u00a0Minute"},"schema":{"@context":"https:\/\/schema.org","@graph":[{"@type":"WebPage","@id":"https:\/\/piv-extruderdrives.com\/product\/posired-2-gears-for-rubber\/","url":"https:\/\/piv-extruderdrives.com\/product\/posired-2-gears-for-rubber\/","name":"Extruder Drives Posired 2 Getriebe fuer Gummikneter - PIV","isPartOf":{"@id":"https:\/\/piv-extruderdrives.com\/#website"},"primaryImageOfPage":{"@id":"https:\/\/piv-extruderdrives.com\/product\/posired-2-gears-for-rubber\/#primaryimage"},"image":{"@id":"https:\/\/piv-extruderdrives.com\/product\/posired-2-gears-for-rubber\/#primaryimage"},"thumbnailUrl":"https:\/\/piv-extruderdrives.com\/wp-content\/uploads\/2019\/09\/Posired-2.png","datePublished":"2019-09-03T15:40:19+00:00","dateModified":"2020-11-02T10:23:03+00:00","description":"Diese Getriebe basieren auf der DANA Baureihe POSIRED 2 und sind modifiziert den Antrieb von Gummikneter. Die Abtriebswellen werden je nach Kundenbedarf angepasst.","breadcrumb":{"@id":"https:\/\/piv-extruderdrives.com\/product\/posired-2-gears-for-rubber\/#breadcrumb"},"inLanguage":"de","potentialAction":[{"@type":"ReadAction","target":["https:\/\/piv-extruderdrives.com\/product\/posired-2-gears-for-rubber\/"]}]},{"@type":"ImageObject","inLanguage":"de","@id":"https:\/\/piv-extruderdrives.com\/product\/posired-2-gears-for-rubber\/#primaryimage","url":"https:\/\/piv-extruderdrives.com\/wp-content\/uploads\/2019\/09\/Posired-2.png","contentUrl":"https:\/\/piv-extruderdrives.com\/wp-content\/uploads\/2019\/09\/Posired-2.png","width":600,"height":600},{"@type":"BreadcrumbList","@id":"https:\/\/piv-extruderdrives.com\/product\/posired-2-gears-for-rubber\/#breadcrumb","itemListElement":[{"@type":"ListItem","position":1,"name":"Home","item":"https:\/\/piv-extruderdrives.com\/de\/"},{"@type":"ListItem","position":2,"name":"Posired 2 Getriebe f\u00fcr Gummikneter"}]},{"@type":"WebSite","@id":"https:\/\/piv-extruderdrives.com\/#website","url":"https:\/\/piv-extruderdrives.com\/","name":"PIV","description":"","potentialAction":[{"@type":"SearchAction","target":{"@type":"EntryPoint","urlTemplate":"https:\/\/piv-extruderdrives.com\/?s={search_term_string}"},"query-input":{"@type":"PropertyValueSpecification","valueRequired":true,"valueName":"search_term_string"}}],"inLanguage":"de"}]}},"_links":{"self":[{"href":"https:\/\/piv-extruderdrives.com\/de\/wp-json\/wp\/v2\/product\/335","targetHints":{"allow":["GET"]}}],"collection":[{"href":"https:\/\/piv-extruderdrives.com\/de\/wp-json\/wp\/v2\/product"}],"about":[{"href":"https:\/\/piv-extruderdrives.com\/de\/wp-json\/wp\/v2\/types\/product"}],"author":[{"embeddable":true,"href":"https:\/\/piv-extruderdrives.com\/de\/wp-json\/wp\/v2\/users\/2"}],"wp:featuredmedia":[{"embeddable":true,"href":"https:\/\/piv-extruderdrives.com\/de\/wp-json\/wp\/v2\/media\/324"}],"wp:attachment":[{"href":"https:\/\/piv-extruderdrives.com\/de\/wp-json\/wp\/v2\/media?parent=335"}],"wp:term":[{"taxonomy":"products_family","embeddable":true,"href":"https:\/\/piv-extruderdrives.com\/de\/wp-json\/wp\/v2\/products_family?post=335"}],"curies":[{"name":"wp","href":"https:\/\/api.w.org\/{rel}","templated":true}]}}