{"id":518,"date":"2020-09-17T14:50:19","date_gmt":"2020-09-17T12:50:19","guid":{"rendered":"http:\/\/piv-extruderdrives.com\/?post_type=product&#038;p=518"},"modified":"2020-11-02T10:28:27","modified_gmt":"2020-11-02T09:28:27","slug":"ks-serie","status":"publish","type":"product","link":"https:\/\/piv-extruderdrives.com\/de\/product\/ks-serie\/","title":{"rendered":"KS Serie"},"content":{"rendered":"\n<h2 class=\"wp-block-heading\">Stufenlose Getriebe &#8211; KS Serie <\/h2>\n\n\n\n<p>Das KS-Getriebe (Kugelscheiben) ist ein\nW\u00e4lzgetriebe, welches mit Kugeln als Zwischenglied eine stufenlose Ver\u00e4nderung der\n\u00dcbersetzung bis R = 00 gestattet. Hierbei kann die Kraft bis zum Stillstand der\nAbtriebswelle \u00fcbertragen werden. Am Grundgetriebe lassen sich Drehzahlen von\nNull bis zur 1.2 fachen Eingangsdrehzahl feinf\u00fchlig einstellen.<\/p>\n\n\n\n<p><strong>Funktionsweise: <\/strong><\/p>\n\n\n\n<ul class=\"wp-block-list\"><li>Antriebswelle und Abtriebswelle sind mit je einer ebenen Scheibe verbunden. <\/li><li>Zwischen den planen achsversetzten Scheiben ist ein drehbarer Kugelk\u00e4fig mit Stahlkugeln angeordnet. <\/li><li>Die Kugeln \u00fcbertragen das eingeleitete Drehmoment kraftschl\u00fcssig von der Antriebswelle auf die Abtriebswelle. <\/li><li>Der Kugelk\u00e4fig kann \u00fcber die Stelleinrichtung und Stellspindel parallel zu den Scheibenfl\u00e4chen verschoben werden. <\/li><li>Die Stellung des Kugelk\u00e4figs ist ein Ma\u00df f\u00fcr die \u00dcbersetzung. <\/li><\/ul>\n","protected":false},"author":1,"featured_media":630,"template":"","products_family":[7],"class_list":["post-518","product","type-product","status-publish","has-post-thumbnail","hentry","products_family-stufenlose-getriebe"],"acf":[],"yoast_head":"<!-- This site is optimized with the Yoast SEO plugin v26.6 - https:\/\/yoast.com\/wordpress\/plugins\/seo\/ -->\n<title>Stufenlose Getriebe KS Serie - PIV<\/title>\n<meta name=\"description\" content=\"Das KS-Getriebe (Kugelscheiben) ist ein W\u00e4lzgetriebe, welches mit Kugeln als Zwischenglied eine stufenlose Ver\u00e4nderung der \u00dcbersetzung bis R = 00 gestattet.\" \/>\n<meta name=\"robots\" content=\"index, follow, max-snippet:-1, max-image-preview:large, max-video-preview:-1\" \/>\n<link rel=\"canonical\" href=\"https:\/\/piv-extruderdrives.com\/product\/ks-series\/\" \/>\n<meta property=\"og:locale\" content=\"de_DE\" \/>\n<meta property=\"og:type\" content=\"article\" \/>\n<meta property=\"og:title\" content=\"Stufenlose Getriebe KS Serie - PIV\" \/>\n<meta property=\"og:description\" content=\"Das KS-Getriebe (Kugelscheiben) ist ein W\u00e4lzgetriebe, welches mit Kugeln als Zwischenglied eine stufenlose Ver\u00e4nderung der \u00dcbersetzung bis R = 00 gestattet.\" \/>\n<meta property=\"og:url\" content=\"https:\/\/piv-extruderdrives.com\/product\/ks-series\/\" \/>\n<meta property=\"og:site_name\" content=\"PIV\" \/>\n<meta property=\"article:modified_time\" content=\"2020-11-02T09:28:27+00:00\" \/>\n<meta property=\"og:image\" content=\"https:\/\/piv-extruderdrives.com\/wp-content\/uploads\/2020\/09\/ks.png\" \/>\n\t<meta property=\"og:image:width\" content=\"600\" \/>\n\t<meta property=\"og:image:height\" content=\"600\" \/>\n\t<meta property=\"og:image:type\" content=\"image\/png\" \/>\n<meta name=\"twitter:card\" content=\"summary_large_image\" \/>\n<meta name=\"twitter:label1\" content=\"Gesch\u00e4tzte Lesezeit\" \/>\n\t<meta name=\"twitter:data1\" content=\"1\u00a0Minute\" \/>\n<script type=\"application\/ld+json\" class=\"yoast-schema-graph\">{\"@context\":\"https:\/\/schema.org\",\"@graph\":[{\"@type\":\"WebPage\",\"@id\":\"https:\/\/piv-extruderdrives.com\/product\/ks-series\/\",\"url\":\"https:\/\/piv-extruderdrives.com\/product\/ks-series\/\",\"name\":\"Stufenlose Getriebe KS Serie - PIV\",\"isPartOf\":{\"@id\":\"https:\/\/piv-extruderdrives.com\/#website\"},\"primaryImageOfPage\":{\"@id\":\"https:\/\/piv-extruderdrives.com\/product\/ks-series\/#primaryimage\"},\"image\":{\"@id\":\"https:\/\/piv-extruderdrives.com\/product\/ks-series\/#primaryimage\"},\"thumbnailUrl\":\"https:\/\/piv-extruderdrives.com\/wp-content\/uploads\/2020\/09\/ks.png\",\"datePublished\":\"2020-09-17T12:50:19+00:00\",\"dateModified\":\"2020-11-02T09:28:27+00:00\",\"description\":\"Das KS-Getriebe (Kugelscheiben) ist ein W\u00e4lzgetriebe, welches mit Kugeln als Zwischenglied eine stufenlose Ver\u00e4nderung der \u00dcbersetzung bis R = 00 gestattet.\",\"breadcrumb\":{\"@id\":\"https:\/\/piv-extruderdrives.com\/product\/ks-series\/#breadcrumb\"},\"inLanguage\":\"de\",\"potentialAction\":[{\"@type\":\"ReadAction\",\"target\":[\"https:\/\/piv-extruderdrives.com\/product\/ks-series\/\"]}]},{\"@type\":\"ImageObject\",\"inLanguage\":\"de\",\"@id\":\"https:\/\/piv-extruderdrives.com\/product\/ks-series\/#primaryimage\",\"url\":\"https:\/\/piv-extruderdrives.com\/wp-content\/uploads\/2020\/09\/ks.png\",\"contentUrl\":\"https:\/\/piv-extruderdrives.com\/wp-content\/uploads\/2020\/09\/ks.png\",\"width\":600,\"height\":600},{\"@type\":\"BreadcrumbList\",\"@id\":\"https:\/\/piv-extruderdrives.com\/product\/ks-series\/#breadcrumb\",\"itemListElement\":[{\"@type\":\"ListItem\",\"position\":1,\"name\":\"Home\",\"item\":\"https:\/\/piv-extruderdrives.com\/de\/\"},{\"@type\":\"ListItem\",\"position\":2,\"name\":\"KS Serie\"}]},{\"@type\":\"WebSite\",\"@id\":\"https:\/\/piv-extruderdrives.com\/#website\",\"url\":\"https:\/\/piv-extruderdrives.com\/\",\"name\":\"PIV\",\"description\":\"\",\"potentialAction\":[{\"@type\":\"SearchAction\",\"target\":{\"@type\":\"EntryPoint\",\"urlTemplate\":\"https:\/\/piv-extruderdrives.com\/?s={search_term_string}\"},\"query-input\":{\"@type\":\"PropertyValueSpecification\",\"valueRequired\":true,\"valueName\":\"search_term_string\"}}],\"inLanguage\":\"de\"}]}<\/script>\n<!-- \/ Yoast SEO plugin. -->","yoast_head_json":{"title":"Stufenlose Getriebe KS Serie - PIV","description":"Das KS-Getriebe (Kugelscheiben) ist ein W\u00e4lzgetriebe, welches mit Kugeln als Zwischenglied eine stufenlose Ver\u00e4nderung der \u00dcbersetzung bis R = 00 gestattet.","robots":{"index":"index","follow":"follow","max-snippet":"max-snippet:-1","max-image-preview":"max-image-preview:large","max-video-preview":"max-video-preview:-1"},"canonical":"https:\/\/piv-extruderdrives.com\/product\/ks-series\/","og_locale":"de_DE","og_type":"article","og_title":"Stufenlose Getriebe KS Serie - PIV","og_description":"Das KS-Getriebe (Kugelscheiben) ist ein W\u00e4lzgetriebe, welches mit Kugeln als Zwischenglied eine stufenlose Ver\u00e4nderung der \u00dcbersetzung bis R = 00 gestattet.","og_url":"https:\/\/piv-extruderdrives.com\/product\/ks-series\/","og_site_name":"PIV","article_modified_time":"2020-11-02T09:28:27+00:00","og_image":[{"width":600,"height":600,"url":"https:\/\/piv-extruderdrives.com\/wp-content\/uploads\/2020\/09\/ks.png","type":"image\/png"}],"twitter_card":"summary_large_image","twitter_misc":{"Gesch\u00e4tzte Lesezeit":"1\u00a0Minute"},"schema":{"@context":"https:\/\/schema.org","@graph":[{"@type":"WebPage","@id":"https:\/\/piv-extruderdrives.com\/product\/ks-series\/","url":"https:\/\/piv-extruderdrives.com\/product\/ks-series\/","name":"Stufenlose Getriebe KS Serie - PIV","isPartOf":{"@id":"https:\/\/piv-extruderdrives.com\/#website"},"primaryImageOfPage":{"@id":"https:\/\/piv-extruderdrives.com\/product\/ks-series\/#primaryimage"},"image":{"@id":"https:\/\/piv-extruderdrives.com\/product\/ks-series\/#primaryimage"},"thumbnailUrl":"https:\/\/piv-extruderdrives.com\/wp-content\/uploads\/2020\/09\/ks.png","datePublished":"2020-09-17T12:50:19+00:00","dateModified":"2020-11-02T09:28:27+00:00","description":"Das KS-Getriebe (Kugelscheiben) ist ein W\u00e4lzgetriebe, welches mit Kugeln als Zwischenglied eine stufenlose Ver\u00e4nderung der \u00dcbersetzung bis R = 00 gestattet.","breadcrumb":{"@id":"https:\/\/piv-extruderdrives.com\/product\/ks-series\/#breadcrumb"},"inLanguage":"de","potentialAction":[{"@type":"ReadAction","target":["https:\/\/piv-extruderdrives.com\/product\/ks-series\/"]}]},{"@type":"ImageObject","inLanguage":"de","@id":"https:\/\/piv-extruderdrives.com\/product\/ks-series\/#primaryimage","url":"https:\/\/piv-extruderdrives.com\/wp-content\/uploads\/2020\/09\/ks.png","contentUrl":"https:\/\/piv-extruderdrives.com\/wp-content\/uploads\/2020\/09\/ks.png","width":600,"height":600},{"@type":"BreadcrumbList","@id":"https:\/\/piv-extruderdrives.com\/product\/ks-series\/#breadcrumb","itemListElement":[{"@type":"ListItem","position":1,"name":"Home","item":"https:\/\/piv-extruderdrives.com\/de\/"},{"@type":"ListItem","position":2,"name":"KS Serie"}]},{"@type":"WebSite","@id":"https:\/\/piv-extruderdrives.com\/#website","url":"https:\/\/piv-extruderdrives.com\/","name":"PIV","description":"","potentialAction":[{"@type":"SearchAction","target":{"@type":"EntryPoint","urlTemplate":"https:\/\/piv-extruderdrives.com\/?s={search_term_string}"},"query-input":{"@type":"PropertyValueSpecification","valueRequired":true,"valueName":"search_term_string"}}],"inLanguage":"de"}]}},"_links":{"self":[{"href":"https:\/\/piv-extruderdrives.com\/de\/wp-json\/wp\/v2\/product\/518","targetHints":{"allow":["GET"]}}],"collection":[{"href":"https:\/\/piv-extruderdrives.com\/de\/wp-json\/wp\/v2\/product"}],"about":[{"href":"https:\/\/piv-extruderdrives.com\/de\/wp-json\/wp\/v2\/types\/product"}],"author":[{"embeddable":true,"href":"https:\/\/piv-extruderdrives.com\/de\/wp-json\/wp\/v2\/users\/1"}],"wp:featuredmedia":[{"embeddable":true,"href":"https:\/\/piv-extruderdrives.com\/de\/wp-json\/wp\/v2\/media\/630"}],"wp:attachment":[{"href":"https:\/\/piv-extruderdrives.com\/de\/wp-json\/wp\/v2\/media?parent=518"}],"wp:term":[{"taxonomy":"products_family","embeddable":true,"href":"https:\/\/piv-extruderdrives.com\/de\/wp-json\/wp\/v2\/products_family?post=518"}],"curies":[{"name":"wp","href":"https:\/\/api.w.org\/{rel}","templated":true}]}}