{"id":522,"date":"2020-09-17T14:53:32","date_gmt":"2020-09-17T12:53:32","guid":{"rendered":"http:\/\/piv-extruderdrives.com\/?post_type=product&#038;p=522"},"modified":"2020-11-02T10:32:35","modified_gmt":"2020-11-02T09:32:35","slug":"rh-getriebe","status":"publish","type":"product","link":"https:\/\/piv-extruderdrives.com\/de\/product\/rh-getriebe\/","title":{"rendered":"RH Getriebe"},"content":{"rendered":"\n<h2 class=\"wp-block-heading\">Stufenlose Getriebe &#8211; RH Getriebe <\/h2>\n\n\n\n<p>In dem Bestreben, mit stufenlos einstellbaren\nGetrieben bei kleinsten Bauma\u00dfen h\u00f6chste Leistungen zu \u00fcbertragen, wurde das P.I.V.\n&#8211; Getriebe System RH entwickelt.<\/p>\n\n\n\n<p>Wie alle bereits bekannten und bew\u00e4hrten P.I.V.\nAntriebe ist auch dieser ein Umschlingungstrieb in Ganzstahlausf\u00fchrung, mit\neiner Gliederkette als Zugmittel.<\/p>\n\n\n\n<p>Die zur Kraft\u00fcbertragung erforderlichen\nAnpre\u00dfkr\u00e4fte zwischen den Kegelscheiben und der Kette werden mittels\nAndr\u00fcckvorrichtungen aus dem Drehmoment der An &#8211; und Abtriebswelle erzeugt und\ndurch Druck\u00f6l verst\u00e4rkt. Gleichzeitig dient das Druck\u00f6l zur Schmierung der\nbewegten Getriebeteile und zum Einstellen der gew\u00fcnschten Abtriebsdrehzahl.<\/p>\n\n\n\n<p>Das Getriebe wird als komplettes\nAntriebsaggregat in \u00f6ldichtem Gu\u00dfgeh\u00e4use oder als Einbausatz ohne Geh\u00e4use geliefert.<\/p>\n","protected":false},"author":1,"featured_media":632,"template":"","products_family":[7],"class_list":["post-522","product","type-product","status-publish","has-post-thumbnail","hentry","products_family-stufenlose-getriebe"],"acf":[],"yoast_head":"<!-- This site is optimized with the Yoast SEO plugin v26.6 - https:\/\/yoast.com\/wordpress\/plugins\/seo\/ -->\n<title>Stufenlose GetriebeRH Getriebe - PIV<\/title>\n<meta name=\"description\" content=\"In dem Bestreben, mit stufenlos einstellbaren Getrieben bei kleinsten Bauma\u00dfen h\u00f6chste Leistungen zu \u00fcbertragen, wurde das P.I.V. - Getriebe System RH entwickelt.\" \/>\n<meta name=\"robots\" content=\"index, follow, max-snippet:-1, max-image-preview:large, max-video-preview:-1\" \/>\n<link rel=\"canonical\" href=\"https:\/\/piv-extruderdrives.com\/product\/rh-series\/\" \/>\n<meta property=\"og:locale\" content=\"de_DE\" \/>\n<meta property=\"og:type\" content=\"article\" \/>\n<meta property=\"og:title\" content=\"Stufenlose GetriebeRH Getriebe - PIV\" \/>\n<meta property=\"og:description\" content=\"In dem Bestreben, mit stufenlos einstellbaren Getrieben bei kleinsten Bauma\u00dfen h\u00f6chste Leistungen zu \u00fcbertragen, wurde das P.I.V. - Getriebe System RH entwickelt.\" \/>\n<meta property=\"og:url\" content=\"https:\/\/piv-extruderdrives.com\/product\/rh-series\/\" \/>\n<meta property=\"og:site_name\" content=\"PIV\" \/>\n<meta property=\"article:modified_time\" content=\"2020-11-02T09:32:35+00:00\" \/>\n<meta property=\"og:image\" content=\"https:\/\/piv-extruderdrives.com\/wp-content\/uploads\/2020\/09\/rh-.png\" \/>\n\t<meta property=\"og:image:width\" content=\"600\" \/>\n\t<meta property=\"og:image:height\" content=\"600\" \/>\n\t<meta property=\"og:image:type\" content=\"image\/png\" \/>\n<meta name=\"twitter:card\" content=\"summary_large_image\" \/>\n<meta name=\"twitter:label1\" content=\"Gesch\u00e4tzte Lesezeit\" \/>\n\t<meta name=\"twitter:data1\" content=\"1\u00a0Minute\" \/>\n<script type=\"application\/ld+json\" class=\"yoast-schema-graph\">{\"@context\":\"https:\/\/schema.org\",\"@graph\":[{\"@type\":\"WebPage\",\"@id\":\"https:\/\/piv-extruderdrives.com\/product\/rh-series\/\",\"url\":\"https:\/\/piv-extruderdrives.com\/product\/rh-series\/\",\"name\":\"Stufenlose GetriebeRH Getriebe - PIV\",\"isPartOf\":{\"@id\":\"https:\/\/piv-extruderdrives.com\/#website\"},\"primaryImageOfPage\":{\"@id\":\"https:\/\/piv-extruderdrives.com\/product\/rh-series\/#primaryimage\"},\"image\":{\"@id\":\"https:\/\/piv-extruderdrives.com\/product\/rh-series\/#primaryimage\"},\"thumbnailUrl\":\"https:\/\/piv-extruderdrives.com\/wp-content\/uploads\/2020\/09\/rh-.png\",\"datePublished\":\"2020-09-17T12:53:32+00:00\",\"dateModified\":\"2020-11-02T09:32:35+00:00\",\"description\":\"In dem Bestreben, mit stufenlos einstellbaren Getrieben bei kleinsten Bauma\u00dfen h\u00f6chste Leistungen zu \u00fcbertragen, wurde das P.I.V. - Getriebe System RH entwickelt.\",\"breadcrumb\":{\"@id\":\"https:\/\/piv-extruderdrives.com\/product\/rh-series\/#breadcrumb\"},\"inLanguage\":\"de\",\"potentialAction\":[{\"@type\":\"ReadAction\",\"target\":[\"https:\/\/piv-extruderdrives.com\/product\/rh-series\/\"]}]},{\"@type\":\"ImageObject\",\"inLanguage\":\"de\",\"@id\":\"https:\/\/piv-extruderdrives.com\/product\/rh-series\/#primaryimage\",\"url\":\"https:\/\/piv-extruderdrives.com\/wp-content\/uploads\/2020\/09\/rh-.png\",\"contentUrl\":\"https:\/\/piv-extruderdrives.com\/wp-content\/uploads\/2020\/09\/rh-.png\",\"width\":600,\"height\":600},{\"@type\":\"BreadcrumbList\",\"@id\":\"https:\/\/piv-extruderdrives.com\/product\/rh-series\/#breadcrumb\",\"itemListElement\":[{\"@type\":\"ListItem\",\"position\":1,\"name\":\"Home\",\"item\":\"https:\/\/piv-extruderdrives.com\/de\/\"},{\"@type\":\"ListItem\",\"position\":2,\"name\":\"RH Getriebe\"}]},{\"@type\":\"WebSite\",\"@id\":\"https:\/\/piv-extruderdrives.com\/#website\",\"url\":\"https:\/\/piv-extruderdrives.com\/\",\"name\":\"PIV\",\"description\":\"\",\"potentialAction\":[{\"@type\":\"SearchAction\",\"target\":{\"@type\":\"EntryPoint\",\"urlTemplate\":\"https:\/\/piv-extruderdrives.com\/?s={search_term_string}\"},\"query-input\":{\"@type\":\"PropertyValueSpecification\",\"valueRequired\":true,\"valueName\":\"search_term_string\"}}],\"inLanguage\":\"de\"}]}<\/script>\n<!-- \/ Yoast SEO plugin. -->","yoast_head_json":{"title":"Stufenlose GetriebeRH Getriebe - PIV","description":"In dem Bestreben, mit stufenlos einstellbaren Getrieben bei kleinsten Bauma\u00dfen h\u00f6chste Leistungen zu \u00fcbertragen, wurde das P.I.V. - Getriebe System RH entwickelt.","robots":{"index":"index","follow":"follow","max-snippet":"max-snippet:-1","max-image-preview":"max-image-preview:large","max-video-preview":"max-video-preview:-1"},"canonical":"https:\/\/piv-extruderdrives.com\/product\/rh-series\/","og_locale":"de_DE","og_type":"article","og_title":"Stufenlose GetriebeRH Getriebe - PIV","og_description":"In dem Bestreben, mit stufenlos einstellbaren Getrieben bei kleinsten Bauma\u00dfen h\u00f6chste Leistungen zu \u00fcbertragen, wurde das P.I.V. - Getriebe System RH entwickelt.","og_url":"https:\/\/piv-extruderdrives.com\/product\/rh-series\/","og_site_name":"PIV","article_modified_time":"2020-11-02T09:32:35+00:00","og_image":[{"width":600,"height":600,"url":"https:\/\/piv-extruderdrives.com\/wp-content\/uploads\/2020\/09\/rh-.png","type":"image\/png"}],"twitter_card":"summary_large_image","twitter_misc":{"Gesch\u00e4tzte Lesezeit":"1\u00a0Minute"},"schema":{"@context":"https:\/\/schema.org","@graph":[{"@type":"WebPage","@id":"https:\/\/piv-extruderdrives.com\/product\/rh-series\/","url":"https:\/\/piv-extruderdrives.com\/product\/rh-series\/","name":"Stufenlose GetriebeRH Getriebe - PIV","isPartOf":{"@id":"https:\/\/piv-extruderdrives.com\/#website"},"primaryImageOfPage":{"@id":"https:\/\/piv-extruderdrives.com\/product\/rh-series\/#primaryimage"},"image":{"@id":"https:\/\/piv-extruderdrives.com\/product\/rh-series\/#primaryimage"},"thumbnailUrl":"https:\/\/piv-extruderdrives.com\/wp-content\/uploads\/2020\/09\/rh-.png","datePublished":"2020-09-17T12:53:32+00:00","dateModified":"2020-11-02T09:32:35+00:00","description":"In dem Bestreben, mit stufenlos einstellbaren Getrieben bei kleinsten Bauma\u00dfen h\u00f6chste Leistungen zu \u00fcbertragen, wurde das P.I.V. - Getriebe System RH entwickelt.","breadcrumb":{"@id":"https:\/\/piv-extruderdrives.com\/product\/rh-series\/#breadcrumb"},"inLanguage":"de","potentialAction":[{"@type":"ReadAction","target":["https:\/\/piv-extruderdrives.com\/product\/rh-series\/"]}]},{"@type":"ImageObject","inLanguage":"de","@id":"https:\/\/piv-extruderdrives.com\/product\/rh-series\/#primaryimage","url":"https:\/\/piv-extruderdrives.com\/wp-content\/uploads\/2020\/09\/rh-.png","contentUrl":"https:\/\/piv-extruderdrives.com\/wp-content\/uploads\/2020\/09\/rh-.png","width":600,"height":600},{"@type":"BreadcrumbList","@id":"https:\/\/piv-extruderdrives.com\/product\/rh-series\/#breadcrumb","itemListElement":[{"@type":"ListItem","position":1,"name":"Home","item":"https:\/\/piv-extruderdrives.com\/de\/"},{"@type":"ListItem","position":2,"name":"RH Getriebe"}]},{"@type":"WebSite","@id":"https:\/\/piv-extruderdrives.com\/#website","url":"https:\/\/piv-extruderdrives.com\/","name":"PIV","description":"","potentialAction":[{"@type":"SearchAction","target":{"@type":"EntryPoint","urlTemplate":"https:\/\/piv-extruderdrives.com\/?s={search_term_string}"},"query-input":{"@type":"PropertyValueSpecification","valueRequired":true,"valueName":"search_term_string"}}],"inLanguage":"de"}]}},"_links":{"self":[{"href":"https:\/\/piv-extruderdrives.com\/de\/wp-json\/wp\/v2\/product\/522","targetHints":{"allow":["GET"]}}],"collection":[{"href":"https:\/\/piv-extruderdrives.com\/de\/wp-json\/wp\/v2\/product"}],"about":[{"href":"https:\/\/piv-extruderdrives.com\/de\/wp-json\/wp\/v2\/types\/product"}],"author":[{"embeddable":true,"href":"https:\/\/piv-extruderdrives.com\/de\/wp-json\/wp\/v2\/users\/1"}],"wp:featuredmedia":[{"embeddable":true,"href":"https:\/\/piv-extruderdrives.com\/de\/wp-json\/wp\/v2\/media\/632"}],"wp:attachment":[{"href":"https:\/\/piv-extruderdrives.com\/de\/wp-json\/wp\/v2\/media?parent=522"}],"wp:term":[{"taxonomy":"products_family","embeddable":true,"href":"https:\/\/piv-extruderdrives.com\/de\/wp-json\/wp\/v2\/products_family?post=522"}],"curies":[{"name":"wp","href":"https:\/\/api.w.org\/{rel}","templated":true}]}}